{"id":1447,"date":"2010-04-06T16:56:58","date_gmt":"2010-04-06T14:56:58","guid":{"rendered":"http:\/\/meonline.hu\/?page_id=1447"},"modified":"2021-12-30T20:40:48","modified_gmt":"2021-12-30T19:40:48","slug":"m-e-m-archivum","status":"publish","type":"page","link":"https:\/\/meonline.hu\/en\/m-e-m-archivum\/","title":{"rendered":"m-e-m arch\u00edvum"},"content":{"rendered":"<p><p>Kattintson a k\u00e9pre a m-e-m.hu arch\u00edvum megl\u00e1togat\u00e1s\u00e1hoz!<\/p>\n<p><a href=\"http:\/\/meonline.hu\/2007honlap\/\"><img loading=\"lazy\" title=\"2007honlapkezdo\" src=\"http:\/\/meonline.hu\/wp-content\/uploads\/2010\/04\/2007honlapkezdo.jpg\" alt=\"\" width=\"562\" height=\"313\" \/><\/a><\/p><\/p>\n","protected":false},"excerpt":{"rendered":"<p>Kattintson a k\u00e9pre a m-e-m.hu arch\u00edvum megl\u00e1togat\u00e1s\u00e1hoz!<\/p>\n","protected":false},"author":1,"featured_media":10725,"parent":0,"menu_order":3,"comment_status":"closed","ping_status":"closed","template":"","meta":{"ngg_post_thumbnail":0},"_links":{"self":[{"href":"https:\/\/meonline.hu\/en\/wp-json\/wp\/v2\/pages\/1447"}],"collection":[{"href":"https:\/\/meonline.hu\/en\/wp-json\/wp\/v2\/pages"}],"about":[{"href":"https:\/\/meonline.hu\/en\/wp-json\/wp\/v2\/types\/page"}],"author":[{"embeddable":true,"href":"https:\/\/meonline.hu\/en\/wp-json\/wp\/v2\/users\/1"}],"replies":[{"embeddable":true,"href":"https:\/\/meonline.hu\/en\/wp-json\/wp\/v2\/comments?post=1447"}],"version-history":[{"count":20,"href":"https:\/\/meonline.hu\/en\/wp-json\/wp\/v2\/pages\/1447\/revisions"}],"predecessor-version":[{"id":39184,"href":"https:\/\/meonline.hu\/en\/wp-json\/wp\/v2\/pages\/1447\/revisions\/39184"}],"wp:featuredmedia":[{"embeddable":true,"href":"https:\/\/meonline.hu\/en\/wp-json\/wp\/v2\/media\/10725"}],"wp:attachment":[{"href":"https:\/\/meonline.hu\/en\/wp-json\/wp\/v2\/media?parent=1447"}],"curies":[{"name":"wp","href":"https:\/\/api.w.org\/{rel}","templated":true}]}}