{"id":15298,"date":"2016-03-01T14:16:30","date_gmt":"2016-03-01T13:16:30","guid":{"rendered":"http:\/\/meonline.hu\/?page_id=15298"},"modified":"2021-12-30T20:40:52","modified_gmt":"2021-12-30T19:40:52","slug":"mediaajanlo","status":"publish","type":"page","link":"https:\/\/meonline.hu\/en\/mediaajanlo\/","title":{"rendered":"M\u00e9diaaj\u00e1nl\u00f3"},"content":{"rendered":"<p>Hamarosan&#8230;<\/p>\n<p> &nbsp;<\/p>\n<p>&nbsp;<\/p>\n<p> &nbsp;<\/p>\n<p>&nbsp;<\/p>\n<p> &nbsp;<\/p>\n<p>\n","protected":false},"excerpt":{"rendered":"<p>Hamarosan&#8230; &nbsp; &nbsp; &nbsp; &nbsp; &nbsp;<\/p>\n","protected":false},"author":1,"featured_media":0,"parent":0,"menu_order":0,"comment_status":"closed","ping_status":"closed","template":"","meta":{"ngg_post_thumbnail":0},"_links":{"self":[{"href":"https:\/\/meonline.hu\/en\/wp-json\/wp\/v2\/pages\/15298"}],"collection":[{"href":"https:\/\/meonline.hu\/en\/wp-json\/wp\/v2\/pages"}],"about":[{"href":"https:\/\/meonline.hu\/en\/wp-json\/wp\/v2\/types\/page"}],"author":[{"embeddable":true,"href":"https:\/\/meonline.hu\/en\/wp-json\/wp\/v2\/users\/1"}],"replies":[{"embeddable":true,"href":"https:\/\/meonline.hu\/en\/wp-json\/wp\/v2\/comments?post=15298"}],"version-history":[{"count":4,"href":"https:\/\/meonline.hu\/en\/wp-json\/wp\/v2\/pages\/15298\/revisions"}],"predecessor-version":[{"id":39242,"href":"https:\/\/meonline.hu\/en\/wp-json\/wp\/v2\/pages\/15298\/revisions\/39242"}],"wp:attachment":[{"href":"https:\/\/meonline.hu\/en\/wp-json\/wp\/v2\/media?parent=15298"}],"curies":[{"name":"wp","href":"https:\/\/api.w.org\/{rel}","templated":true}]}}