{"id":23435,"date":"2017-03-18T20:34:26","date_gmt":"2017-03-18T19:34:26","guid":{"rendered":"http:\/\/meonline.hu\/?page_id=23435"},"modified":"2021-12-30T20:41:01","modified_gmt":"2021-12-30T19:41:01","slug":"utoirat-2010","status":"publish","type":"page","link":"https:\/\/meonline.hu\/en\/utoirat-2010\/","title":{"rendered":"Ut\u00f3irat 2010"},"content":{"rendered":"<p>[vc_row][vc_column][vc_tta_accordion style=&#8221;modern&#8221; shape=&#8221;square&#8221; gap=&#8221;5&#8243; active_section=&#8221;1&#8243; <a href=\"https:\/\/www.cialispascherfr24.com\/le-cialis-sans-ordonnance\/\">https:\/\/www.cialispascherfr24.com\/le-cialis-sans-ordonnance\/<\/a> no_fill=&#8221;true&#8221; title=&#8221;Ut\u00f3irat 2010&#8243;][vc_tta_section title=&#8221;2010\/1 &#8211; X. \u00e9vf. 54. sz.&#8221; tab_id=&#8221;1489865442427-213a9a87-6a66&#8243;][vc_column_text]<a title=\"K\u00e9pek a modern \u00e9p\u00edt\u00e9szeti mozgalom szolg\u00e1lat\u00e1ban\" href=\"http:\/\/meonline.hu\/utoirat\/2010-utoirat\/20101-x54\/kepek-a-modern-epiteszeti-mozgalom-szolgalataban\/\" rel=\"bookmark\">K\u00e9pek a modern \u00e9p\u00edt\u00e9szeti mozgalom szolg\u00e1lat\u00e1ban<\/a><\/p>\n<p>Csengel-Plank Ibolya<\/p>\n<p><a title=\"K\u00e9pek a modern \u00e9p\u00edt\u00e9szeti mozgalom szolg\u00e1lat\u00e1ban\" href=\"http:\/\/meonline.hu\/utoirat\/2010-utoirat\/20101-x54\/kepek-a-modern-epiteszeti-mozgalom-szolgalataban\/\" rel=\"bookmark\">K\u00e9pek a modern \u00e9p\u00edt\u00e9szeti mozgalom szolg\u00e1lat\u00e1ban<\/a><\/p>\n<p>Csengel-Plank Ibolya<\/p>\n<p><a title=\"K\u00e9pek a modern \u00e9p\u00edt\u00e9szeti mozgalom szolg\u00e1lat\u00e1ban\" href=\"http:\/\/meonline.hu\/utoirat\/2010-utoirat\/20101-x54\/kepek-a-modern-epiteszeti-mozgalom-szolgalataban\/\" rel=\"bookmark\">K\u00e9pek a modern \u00e9p\u00edt\u00e9szeti mozgalom szolg\u00e1lat\u00e1ban<\/a><\/p>\n<p>Csengel-Plank Ibolya[\/vc_column_text][\/vc_tta_section][vc_tta_section title=&#8221;2010\/2 &#8211; X. \u00e9vf. 55. sz.&#8221; tab_id=&#8221;1489865442445-c9b6aaab-e9be&#8221;][vc_column_text]<a title=\"K\u00e9pek a modern \u00e9p\u00edt\u00e9szeti mozgalom szolg\u00e1lat\u00e1ban\" href=\"http:\/\/meonline.hu\/utoirat\/2010-utoirat\/20101-x54\/kepek-a-modern-epiteszeti-mozgalom-szolgalataban\/\" rel=\"bookmark\">K\u00e9pek a modern \u00e9p\u00edt\u00e9szeti mozgalom szolg\u00e1lat\u00e1ban<\/a><\/p>\n<p>Csengel-Plank Ibolya<\/p>\n<p><a title=\"K\u00e9pek a modern \u00e9p\u00edt\u00e9szeti mozgalom szolg\u00e1lat\u00e1ban\" href=\"http:\/\/meonline.hu\/utoirat\/2010-utoirat\/20101-x54\/kepek-a-modern-epiteszeti-mozgalom-szolgalataban\/\" rel=\"bookmark\">K\u00e9pek a modern \u00e9p\u00edt\u00e9szeti mozgalom szolg\u00e1lat\u00e1ban<\/a><\/p>\n<p>Csengel-Plank Ibolya[\/vc_column_text][\/vc_tta_section][vc_tta_section title=&#8221;2010\/3&#8243; tab_id=&#8221;1489865880360-fad6820c-5aa1&#8243;][box_2 query_cat=&#8221;687&#8243; meta_category=&#8221;1&#8243; meta_date=&#8221;&#8221; meta_views=&#8221;&#8221; meta_author=&#8221;&#8221; meta_comment=&#8221;&#8221;][\/vc_tta_section][\/vc_tta_accordion][\/vc_column][\/vc_row]<\/p>\n","protected":false},"excerpt":{"rendered":"<p>[vc_row][vc_column][vc_tta_accordion style=&#8221;modern&#8221; shape=&#8221;square&#8221; gap=&#8221;5&#8243; active_section=&#8221;1&#8243; https:\/\/www.cialispascherfr24.com\/le-cialis-sans-ordonnance\/ no_fill=&#8221;true&#8221; title=&#8221;Ut\u00f3irat 2010&#8243;][vc_tta_section title=&#8221;2010\/1 &#8211; X. \u00e9vf. 54. sz.&#8221; tab_id=&#8221;1489865442427-213a9a87-6a66&#8243;][vc_column_text]K\u00e9pek a modern \u00e9p\u00edt\u00e9szeti mozgalom szolg\u00e1lat\u00e1ban Csengel-Plank Ibolya K\u00e9pek a modern \u00e9p\u00edt\u00e9szeti mozgalom szolg\u00e1lat\u00e1ban Csengel-Plank Ibolya K\u00e9pek a modern \u00e9p\u00edt\u00e9szeti mozgalom szolg\u00e1lat\u00e1ban Csengel-Plank Ibolya[\/vc_column_text][\/vc_tta_section][vc_tta_section title=&#8221;2010\/2 &#8211; X. \u00e9vf. 55. sz.&#8221; tab_id=&#8221;1489865442445-c9b6aaab-e9be&#8221;][vc_column_text]K\u00e9pek a modern \u00e9p\u00edt\u00e9szeti mozgalom szolg\u00e1lat\u00e1ban Csengel-Plank Ibolya K\u00e9pek a [&hellip;]<\/p>\n","protected":false},"author":1,"featured_media":0,"parent":0,"menu_order":0,"comment_status":"closed","ping_status":"closed","template":"","meta":{"ngg_post_thumbnail":0},"_links":{"self":[{"href":"https:\/\/meonline.hu\/en\/wp-json\/wp\/v2\/pages\/23435"}],"collection":[{"href":"https:\/\/meonline.hu\/en\/wp-json\/wp\/v2\/pages"}],"about":[{"href":"https:\/\/meonline.hu\/en\/wp-json\/wp\/v2\/types\/page"}],"author":[{"embeddable":true,"href":"https:\/\/meonline.hu\/en\/wp-json\/wp\/v2\/users\/1"}],"replies":[{"embeddable":true,"href":"https:\/\/meonline.hu\/en\/wp-json\/wp\/v2\/comments?post=23435"}],"version-history":[{"count":18,"href":"https:\/\/meonline.hu\/en\/wp-json\/wp\/v2\/pages\/23435\/revisions"}],"predecessor-version":[{"id":39359,"href":"https:\/\/meonline.hu\/en\/wp-json\/wp\/v2\/pages\/23435\/revisions\/39359"}],"wp:attachment":[{"href":"https:\/\/meonline.hu\/en\/wp-json\/wp\/v2\/media?parent=23435"}],"curies":[{"name":"wp","href":"https:\/\/api.w.org\/{rel}","templated":true}]}}