{"id":25353,"date":"2017-09-19T18:12:44","date_gmt":"2017-09-19T16:12:44","guid":{"rendered":"http:\/\/meonline.hu\/vitra_design\/"},"modified":"2017-09-19T18:12:44","modified_gmt":"2017-09-19T16:12:44","slug":"vitra_design","status":"publish","type":"page","link":"https:\/\/meonline.hu\/en\/vitra_design\/","title":{"rendered":"vitra_design"},"content":{"rendered":"<!-- default-view.php -->\n<div\n\tclass=\"ngg-galleryoverview default-view \"\n\tid=\"ngg-gallery-f8c68b5ecf4aa1cf846d0465859305b8-1\">\n\n\t\t<!-- Thumbnails -->\n\t\t\t\t<div id=\"ngg-image-0\" class=\"ngg-gallery-thumbnail-box \" >\n\t\t\t\t        <div class=\"ngg-gallery-thumbnail\">\n            <a href=\"https:\/\/meonline.hu\/vitra_design\/03_Kraftwerk1_2.jpg\"\n               title=\"Szabadt\u00e9ri \u00e9tkez\u0151, Siedlung Heizenholz, Z\u00fcrich, 2012, \u00e9p\u00edt\u00e9szek: Adrian Streich Architekten \u00a9 Katrin Simonett\/VG Bild-Kunst, Bonn 2017\"\n               data-src=\"https:\/\/meonline.hu\/vitra_design\/03_Kraftwerk1_2.jpg\"\n               data-thumbnail=\"https:\/\/meonline.hu\/vitra_design\/thumbs\/thumbs_03_Kraftwerk1_2.jpg\"\n               data-image-id=\"5989\"\n               data-title=\"Szabadt\u00e9ri \u00e9tkez\u0151, Siedlung Heizenholz, Z\u00fcrich, 2012, \u00e9p\u00edt\u00e9szek: Adrian Streich Architekten \u00a9 Katrin Simonett\/VG Bild-Kunst, Bonn 2017\"\n               data-description=\"Szabadt\u00e9ri \u00e9tkez\u0151, Siedlung Heizenholz, Z\u00fcrich, 2012, \u00e9p\u00edt\u00e9szek: Adrian Streich Architekten \u00a9 Katrin Simonett\/VG Bild-Kunst, Bonn 2017\"\n               data-image-slug=\"03_kraftwerk1_2\"\n               class=\"ngg-simplelightbox\" rel=\"f8c68b5ecf4aa1cf846d0465859305b8\">\n                <img\n                    title=\"Szabadt\u00e9ri \u00e9tkez\u0151, Siedlung Heizenholz, Z\u00fcrich, 2012, \u00e9p\u00edt\u00e9szek: Adrian Streich Architekten \u00a9 Katrin Simonett\/VG Bild-Kunst, Bonn 2017\"\n                    alt=\"Szabadt\u00e9ri \u00e9tkez\u0151, Siedlung Heizenholz, Z\u00fcrich, 2012, \u00e9p\u00edt\u00e9szek: Adrian Streich Architekten \u00a9 Katrin Simonett\/VG Bild-Kunst, Bonn 2017\"\n                    src=\"https:\/\/meonline.hu\/vitra_design\/thumbs\/thumbs_03_Kraftwerk1_2.jpg\"\n                    width=\"152\"\n                    height=\"100\"\n                    style=\"max-width:100%;\"\n                \/>\n            <\/a>\n        <\/div>\n\t\t\t\t\t\t\t<\/div> \n\t\t\t\n\t\t\t\t<div id=\"ngg-image-1\" class=\"ngg-gallery-thumbnail-box \" >\n\t\t\t\t        <div class=\"ngg-gallery-thumbnail\">\n            <a href=\"https:\/\/meonline.hu\/vitra_design\/06_Moriyama_2.jpg\"\n               title=\"Moriyama h\u00e1z, Toki\u00f3, 2005, \u00e9p\u00edt\u00e9sz: Ryue Nishizawa \u00a9 Fot\u00f3: Dean Kaufman\"\n               data-src=\"https:\/\/meonline.hu\/vitra_design\/06_Moriyama_2.jpg\"\n               data-thumbnail=\"https:\/\/meonline.hu\/vitra_design\/thumbs\/thumbs_06_Moriyama_2.jpg\"\n               data-image-id=\"5990\"\n               data-title=\"Moriyama h\u00e1z, Toki\u00f3, 2005, \u00e9p\u00edt\u00e9sz: Ryue Nishizawa \u00a9 Fot\u00f3: Dean Kaufman\"\n               data-description=\"Moriyama h\u00e1z, Toki\u00f3, 2005, \u00e9p\u00edt\u00e9sz: Ryue Nishizawa \u00a9 Fot\u00f3: Dean Kaufman\"\n               data-image-slug=\"06_moriyama_2\"\n               class=\"ngg-simplelightbox\" rel=\"f8c68b5ecf4aa1cf846d0465859305b8\">\n                <img\n                    title=\"Moriyama h\u00e1z, Toki\u00f3, 2005, \u00e9p\u00edt\u00e9sz: Ryue Nishizawa \u00a9 Fot\u00f3: Dean Kaufman\"\n                    alt=\"Moriyama h\u00e1z, Toki\u00f3, 2005, \u00e9p\u00edt\u00e9sz: Ryue Nishizawa \u00a9 Fot\u00f3: Dean Kaufman\"\n                    src=\"https:\/\/meonline.hu\/vitra_design\/thumbs\/thumbs_06_Moriyama_2.jpg\"\n                    width=\"152\"\n                    height=\"100\"\n                    style=\"max-width:100%;\"\n                \/>\n            <\/a>\n        <\/div>\n\t\t\t\t\t\t\t<\/div> \n\t\t\t\n\t\t\t\t<div id=\"ngg-image-2\" class=\"ngg-gallery-thumbnail-box \" >\n\t\t\t\t        <div class=\"ngg-gallery-thumbnail\">\n            <a href=\"https:\/\/meonline.hu\/vitra_design\/17_Schwimmbad_2.jpg\"\n               title=\"Uszoda a Sargfa brik alagsor\u00e1ban, B\u00e9cs, 1992\u201396, \u00e9p\u00edt\u00e9szek: BKK-2 \u00a9 fot\u00f3: Hertha Hurnaus\"\n               data-src=\"https:\/\/meonline.hu\/vitra_design\/17_Schwimmbad_2.jpg\"\n               data-thumbnail=\"https:\/\/meonline.hu\/vitra_design\/thumbs\/thumbs_17_Schwimmbad_2.jpg\"\n               data-image-id=\"5991\"\n               data-title=\"Uszoda a Sargfa brik alagsor\u00e1ban, B\u00e9cs, 1992\u201396, \u00e9p\u00edt\u00e9szek: BKK-2 \u00a9 fot\u00f3: Hertha Hurnaus\"\n               data-description=\"Uszoda a Sargfa brik alagsor\u00e1ban, B\u00e9cs, 1992\u201396, \u00e9p\u00edt\u00e9szek: BKK-2 \u00a9 fot\u00f3: Hertha Hurnaus\"\n               data-image-slug=\"17_schwimmbad_2\"\n               class=\"ngg-simplelightbox\" rel=\"f8c68b5ecf4aa1cf846d0465859305b8\">\n                <img\n                    title=\"Uszoda a Sargfa brik alagsor\u00e1ban, B\u00e9cs, 1992\u201396, \u00e9p\u00edt\u00e9szek: BKK-2 \u00a9 fot\u00f3: Hertha Hurnaus\"\n                    alt=\"Uszoda a Sargfa brik alagsor\u00e1ban, B\u00e9cs, 1992\u201396, \u00e9p\u00edt\u00e9szek: BKK-2 \u00a9 fot\u00f3: Hertha Hurnaus\"\n                    src=\"https:\/\/meonline.hu\/vitra_design\/thumbs\/thumbs_17_Schwimmbad_2.jpg\"\n                    width=\"152\"\n                    height=\"100\"\n                    style=\"max-width:100%;\"\n                \/>\n            <\/a>\n        <\/div>\n\t\t\t\t\t\t\t<\/div> \n\t\t\t\n\t\t\t\t<div id=\"ngg-image-3\" class=\"ngg-gallery-thumbnail-box \" >\n\t\t\t\t        <div class=\"ngg-gallery-thumbnail\">\n            <a href=\"https:\/\/meonline.hu\/vitra_design\/41_Hannes-Henz_2.jpg\"\n               title=\"Egy kollekt\u00edv v\u00e1ros modellje, 2017 \u00a9 fot\u00f3: hannes henz\"\n               data-src=\"https:\/\/meonline.hu\/vitra_design\/41_Hannes-Henz_2.jpg\"\n               data-thumbnail=\"https:\/\/meonline.hu\/vitra_design\/thumbs\/thumbs_41_Hannes-Henz_2.jpg\"\n               data-image-id=\"5992\"\n               data-title=\"Egy kollekt\u00edv v\u00e1ros modellje, 2017 \u00a9 fot\u00f3: hannes henz\"\n               data-description=\"Egy kollekt\u00edv v\u00e1ros modellje, 2017 \u00a9 fot\u00f3: hannes henz\"\n               data-image-slug=\"41_hannes-henz_2\"\n               class=\"ngg-simplelightbox\" rel=\"f8c68b5ecf4aa1cf846d0465859305b8\">\n                <img\n                    title=\"Egy kollekt\u00edv v\u00e1ros modellje, 2017 \u00a9 fot\u00f3: hannes henz\"\n                    alt=\"Egy kollekt\u00edv v\u00e1ros modellje, 2017 \u00a9 fot\u00f3: hannes henz\"\n                    src=\"https:\/\/meonline.hu\/vitra_design\/thumbs\/thumbs_41_Hannes-Henz_2.jpg\"\n                    width=\"152\"\n                    height=\"100\"\n                    style=\"max-width:100%;\"\n                \/>\n            <\/a>\n        <\/div>\n\t\t\t\t\t\t\t<\/div> \n\t\t\t\n\t\n\t<br style=\"clear: both\" \/>\n\n\t\n\t\t<!-- Pagination -->\n\t<div class='ngg-clear'><\/div>\t<\/div>\n\n","protected":false},"excerpt":{"rendered":"","protected":false},"author":1,"featured_media":0,"parent":0,"menu_order":0,"comment_status":"closed","ping_status":"closed","template":"","meta":{"ngg_post_thumbnail":0},"_links":{"self":[{"href":"https:\/\/meonline.hu\/en\/wp-json\/wp\/v2\/pages\/25353"}],"collection":[{"href":"https:\/\/meonline.hu\/en\/wp-json\/wp\/v2\/pages"}],"about":[{"href":"https:\/\/meonline.hu\/en\/wp-json\/wp\/v2\/types\/page"}],"author":[{"embeddable":true,"href":"https:\/\/meonline.hu\/en\/wp-json\/wp\/v2\/users\/1"}],"replies":[{"embeddable":true,"href":"https:\/\/meonline.hu\/en\/wp-json\/wp\/v2\/comments?post=25353"}],"version-history":[{"count":0,"href":"https:\/\/meonline.hu\/en\/wp-json\/wp\/v2\/pages\/25353\/revisions"}],"wp:attachment":[{"href":"https:\/\/meonline.hu\/en\/wp-json\/wp\/v2\/media?parent=25353"}],"curies":[{"name":"wp","href":"https:\/\/api.w.org\/{rel}","templated":true}]}}