{"id":36407,"date":"2021-10-10T12:11:29","date_gmt":"2021-10-10T10:11:29","guid":{"rendered":"http:\/\/meonline.hu\/?page_id=36407"},"modified":"2021-12-30T20:41:20","modified_gmt":"2021-12-30T19:41:20","slug":"rolunk","status":"publish","type":"page","link":"https:\/\/meonline.hu\/en\/rolunk\/","title":{"rendered":"R\u00f3lunk"},"content":{"rendered":"<h2><span style=\"font-weight: 400;\">Magyar \u00c9p\u00edt\u0151m\u0171v\u00e9szet \/\/ Hungarian Architecture<\/span><\/h2>\n<p><span style=\"font-size: 16px;\">A r\u00e9gi-\u00faj <\/span><i style=\"font-size: 16px;\"><span style=\"font-weight: 400;\">Magyar \u00c9p\u00edt\u0151m\u0171v\u00e9szet \/\/ Hungarian Architecture<\/span><\/i><span style=\"font-size: 16px;\"> a magyar kultur\u00e1lis \u00e9let egyik legr\u00e9gebben fenn\u00e1ll\u00f3, 2013-ban 100. \u00e9v\u00e9t \u00fcnnepl\u0151 foly\u00f3irata, alapvet\u0151 kordokumentuma, amely Magyarorsz\u00e1gon egyed\u00fcl\u00e1ll\u00f3 m\u00f3don, vez\u00e9rfonal\u00e1t \u00fczleti szempontok helyett az \u00e9p\u00edt\u00e9szeti min\u0151s\u00e9g \u00e9s a kult\u00fara ment\u00e9n fogalmazza meg. Olyan \u00e1tfog\u00f3 k\u00e9pet ad a kort\u00e1rs hazai \u00e9s nemzetk\u00f6zi \u00e9p\u00edt\u00e9szet eredm\u00e9nyeir\u0151l, amely a szakma folyamatos fejl\u0151d\u00e9s\u00e9ben, az oktat\u00e1sban, a konkr\u00e9t tervez\u0151i gyakorlatban \u00e9s \u2013 az \u00e9p\u00edt\u00e9szet hagyom\u00e1nyainak megfelel\u0151en a m\u0171fajokat \u00f6sszefog\u00f3 \u2013 \u00e1ltal\u00e1nos vizu\u00e1lis m\u0171velts\u00e9gben egyar\u00e1nt ir\u00e1nymutat\u00f3, illetve t\u00e1j\u00e9koz\u00f3d\u00e1st biztos\u00edt, a szakm\u00e1nak \u00e9s az \u00e9rdekl\u0151d\u0151 sz\u00e9lesebb k\u00f6z\u00f6ns\u00e9gnek egyar\u00e1nt.<\/span><\/p>\n<p><span style=\"font-weight: 400;\">A r\u00e9gi-\u00faj&nbsp;<i>Magyar \u00c9p\u00edt\u0151m\u0171v\u00e9szet \/\/ Hungarian Architecture<\/i> foly\u00f3irat elk\u00f6telezetten k\u00f6veti a tudom\u00e1nyos publik\u00e1ci\u00f3k etikai norm\u00e1it, \u00f6sszhangban a <em>Committee on Publication Ethics<\/em> alapelveivel. A publik\u00e1ci\u00f3s folyamat sor\u00e1n minden r\u00e9sztvev\u0151nek, a szerz\u0151knek, a szerkeszt\u0151knek, a felk\u00e9rt lektoroknak \u00e9s szak\u00e9rt\u0151knek magukra n\u00e9zve k\u00f6telez\u0151en be kell tartaniuk a tudom\u00e1nyos publik\u00e1ci\u00f3ra vonatkoz\u00f3 etikai norm\u00e1kat. A bek\u00fcld\u00f6tt k\u00e9ziratok k\u00f6zl\u00e9s\u00e9r\u0151l lektori v\u00e9lem\u00e9nyez\u00e9s alapj\u00e1n a f\u0151szerkeszt\u0151 d\u00f6nt. (double blind review)<\/span><\/p>\n<p><b>C\u00e9lok \u00e9s tematik\u00e1k<\/b><\/p>\n<p><span style=\"font-weight: 400;\">A&nbsp;r\u00e9gi-\u00faj&nbsp;<i>Magyar \u00c9p\u00edt\u0151m\u0171v\u00e9szet \/\/ Hungarian Architecture<\/i> foly\u00f3irat tudom\u00e1nyos ig\u00e9ny\u0171 \u00e9p\u00fclet-elemz\u00e9seket,&nbsp; essz\u00e9ket, az \u00e9p\u00edt\u00e9szet tudom\u00e1nyos eredm\u00e9nyeit bemutat\u00f3 eredeti tanulm\u00e1nyokat, k\u00e9ziratokat illetve \u00e9p\u00edt\u00e9szeti vagy az \u00e9p\u00edt\u00e9szet t\u00e1rster\u00fcleteivel foglalkoz\u00f3 k\u00f6nyvelemz\u00e9seket fogad be k\u00f6zl\u00e9sre. Az Ut\u00f3irat mell\u00e9klet \u00e9p\u00edt\u00e9szetelm\u00e9let \u00e9s -t\u00f6rt\u00e9net, \u00f6r\u00f6ks\u00e9g- \u00e9s m\u0171eml\u00e9kv\u00e9delem, rehabilit\u00e1ci\u00f3, rekonstrukci\u00f3, revitaliz\u00e1ci\u00f3, bels\u0151\u00e9p\u00edt\u00e9szet, design, urbanisztika, szakr\u00e1lis \u00e9p\u00edt\u00e9szet, t\u00e1j\u00e9p\u00edt\u00e9szet, k\u00f6rnyezetpszichol\u00f3gia, k\u00f6zt\u00e9rfejleszt\u00e9s, \u00e9p\u00edt\u00e9studom\u00e1ny, m\u00e9rn\u00f6ki szerkezetek, k\u00f6rnyezettudatos, fenntarthat\u00f3 \u00e9p\u00edt\u00e9szet, \u00e9p\u00edt\u00e9szeti innov\u00e1ci\u00f3, t\u00e1rsm\u0171v\u00e9szetek \u00e9s t\u00e1rstudom\u00e1nyok, innovat\u00edv technol\u00f3giai \u00fajdons\u00e1gok, az \u00e9p\u00edtett k\u00f6rnyezettel kapcsolatos filoz\u00f3fiai, t\u00e9relm\u00e9leti, eszt\u00e9tikai, \u00f6kol\u00f3giai \u00e9s szakmai \u00e9s szakmapolitikai t\u00e1rgy\u00fa eredeti tanulm\u00e1nyokat&nbsp; fogad be k\u00f6zl\u00e9sre. A bek\u00fcld\u00f6tt k\u00e9ziratok k\u00f6zl\u00e9s\u00e9r\u0151l lektori v\u00e9lem\u00e9nyez\u00e9s alapj\u00e1n (double blind review) a f\u0151szerkeszt\u0151 d\u00f6nt.&nbsp;<\/span><\/p>\n","protected":false},"excerpt":{"rendered":"<p>Magyar \u00c9p\u00edt\u0151m\u0171v\u00e9szet \/\/ Hungarian Architecture A r\u00e9gi-\u00faj Magyar \u00c9p\u00edt\u0151m\u0171v\u00e9szet \/\/ Hungarian Architecture a magyar kultur\u00e1lis \u00e9let egyik legr\u00e9gebben fenn\u00e1ll\u00f3, 2013-ban 100. \u00e9v\u00e9t \u00fcnnepl\u0151 foly\u00f3irata, alapvet\u0151 kordokumentuma, amely Magyarorsz\u00e1gon egyed\u00fcl\u00e1ll\u00f3 m\u00f3don, vez\u00e9rfonal\u00e1t \u00fczleti szempontok helyett az \u00e9p\u00edt\u00e9szeti min\u0151s\u00e9g \u00e9s a kult\u00fara ment\u00e9n fogalmazza meg. Olyan \u00e1tfog\u00f3 k\u00e9pet ad a kort\u00e1rs hazai \u00e9s nemzetk\u00f6zi \u00e9p\u00edt\u00e9szet eredm\u00e9nyeir\u0151l, amely [&hellip;]<\/p>\n","protected":false},"author":1,"featured_media":0,"parent":0,"menu_order":0,"comment_status":"closed","ping_status":"closed","template":"","meta":{"ngg_post_thumbnail":0},"_links":{"self":[{"href":"https:\/\/meonline.hu\/en\/wp-json\/wp\/v2\/pages\/36407"}],"collection":[{"href":"https:\/\/meonline.hu\/en\/wp-json\/wp\/v2\/pages"}],"about":[{"href":"https:\/\/meonline.hu\/en\/wp-json\/wp\/v2\/types\/page"}],"author":[{"embeddable":true,"href":"https:\/\/meonline.hu\/en\/wp-json\/wp\/v2\/users\/1"}],"replies":[{"embeddable":true,"href":"https:\/\/meonline.hu\/en\/wp-json\/wp\/v2\/comments?post=36407"}],"version-history":[{"count":8,"href":"https:\/\/meonline.hu\/en\/wp-json\/wp\/v2\/pages\/36407\/revisions"}],"predecessor-version":[{"id":39602,"href":"https:\/\/meonline.hu\/en\/wp-json\/wp\/v2\/pages\/36407\/revisions\/39602"}],"wp:attachment":[{"href":"https:\/\/meonline.hu\/en\/wp-json\/wp\/v2\/media?parent=36407"}],"curies":[{"name":"wp","href":"https:\/\/api.w.org\/{rel}","templated":true}]}}