{"id":36410,"date":"2021-10-10T11:25:05","date_gmt":"2021-10-10T09:25:05","guid":{"rendered":"http:\/\/meonline.hu\/?page_id=36410"},"modified":"2021-12-30T20:41:19","modified_gmt":"2021-12-30T19:41:19","slug":"publikacios-etikai-nyilatkozat","status":"publish","type":"page","link":"https:\/\/meonline.hu\/en\/rolunk\/publikacios-etikai-nyilatkozat\/","title":{"rendered":"Publik\u00e1ci\u00f3s etikai nyilatkozat"},"content":{"rendered":"<h1>Publik\u00e1ci\u00f3s etikai nyilatkozat, a publik\u00e1l\u00e1s alapelvei<\/h1>\n<h2>Magyar \u00e9p\u00edt\u0151m\u0171v\u00e9szet foly\u00f3irat<\/h2>\n<p>&nbsp;<\/p>\n<p>A Magyar \u00c9p\u00edt\u0151m\u0171v\u00e9szet foly\u00f3irat elk\u00f6telezetten k\u00f6veti a tudom\u00e1nyos publik\u00e1ci\u00f3k etikai norm\u00e1it, \u00f6sszhangban a Committee on Publication Ethics alapelveivel. A publik\u00e1ci\u00f3s folyamat sor\u00e1n minden r\u00e9sztvev\u0151nek, a szerz\u0151knek, a szerkeszt\u0151knek, a felk\u00e9rt lektoroknak \u00e9s szak\u00e9rt\u0151knek magukra n\u00e9zve k\u00f6telez\u0151en be kell tartaniuk a tudom\u00e1nyos publik\u00e1ci\u00f3ra vonatkoz\u00f3 etikai norm\u00e1kat. A bek\u00fcld\u00f6tt k\u00e9ziratok k\u00f6zl\u00e9s\u00e9r\u0151l lektori v\u00e9lem\u00e9nyez\u00e9s alapj\u00e1n a f\u0151szerkeszt\u0151 d\u00f6nt. (double blind review)<\/p>\n<h2>Publik\u00e1l\u00e1sra vonatkoz\u00f3 d\u00f6nt\u00e9sek<\/h2>\n<p>&nbsp;<\/p>\n<p><b>\u00c1ltal\u00e1nos elvek<\/b><\/p>\n<p>A f\u0151szerkeszt\u0151 d\u00f6nt arr\u00f3l, hogy a publik\u00e1ci\u00f3 a lap c\u00e9ljainak, alapvet\u0151 k\u00f6vetelm\u00e9nyeinek tartalmi \u00e9s formai szempontb\u00f3l megfelel-e. A lap profilj\u00e1ba nem ill\u0151, vagy a lap k\u00f6vetelm\u00e9nyeit tartalmi vagy formai szempontb\u00f3l nem teljes\u00edt\u0151 publik\u00e1ci\u00f3 a f\u0151szerkeszt\u0151 indokl\u00e1s n\u00e9lk\u00fcl \u00e9s lektor\u00e1ci\u00f3 n\u00e9lk\u00fcl visszautas\u00edthatja.<\/p>\n<p>&nbsp;<\/p>\n<p><b>Es\u00e9lyegyenl\u0151s\u00e9g<\/b><\/p>\n<p>A f\u0151szerkeszt\u0151 minden esetben a kiz\u00e1r\u00f3lag a k\u00e9zirat szellemi tartalm\u00e1t \u00e9rt\u00e9keli, tekintet n\u00e9lk\u00fcl a szerz\u0151 faj\u00e1ra, nem\u00e9re, szexu\u00e1lis ir\u00e1nyults\u00e1g\u00e1ra, etnikai hovatartoz\u00e1s\u00e1ra, \u00e1llampolg\u00e1rs\u00e1g\u00e1ra, vall\u00e1si meggy\u0151z\u0151d\u00e9s\u00e9re, vagy politikai n\u00e9zeteire.<\/p>\n<p>&nbsp;<\/p>\n<p><b>Titoktart\u00e1s<\/b><\/p>\n<p>A szerkeszt\u0151s\u00e9g semmilyen inform\u00e1ci\u00f3t nem ad tov\u00e1bb a publik\u00e1l\u00e1sra beny\u00fajtott k\u00e9ziratokkal kapcsolatban. Ez al\u00f3l kiv\u00e9telt k\u00e9peznek a kiad\u00f3, a lektorok, vagy potenci\u00e1lis lektorok, a szerkeszt\u0151s\u00e9gi tan\u00e1csad\u00f3k.&nbsp;<\/p>\n<p>&nbsp;<\/p>\n<p><b>K\u00f6zz\u00e9t\u00e9tel \u00e9s \u00f6sszef\u00e9rhetetlens\u00e9g<\/b><\/p>\n<p>A szerkeszt\u0151k nem haszn\u00e1lhatj\u00e1k fel a beny\u00fajtott k\u00e9ziratot kiadatlan r\u00e9szeit a saj\u00e1t kutat\u00e1saikhoz, a szerz\u0151 hozz\u00e1j\u00e1rul\u00e1sa n\u00e9lk\u00fcl. A szerkeszt\u0151k \u00e9s a szerkeszt\u0151bizotts\u00e1g tagjai&nbsp; beny\u00fajthatnak saj\u00e1t k\u00e9ziratot publik\u00e1l\u00e1sra, melyeket ugyan\u00fagy kell elb\u00edr\u00e1lni mint az \u00f6sszes t\u00f6bbit. A lektorok megv\u00e1laszt\u00e1sakor figyelembe kell venni minden lehets\u00e9ges \u00f6sszef\u00e9rhetetlens\u00e9get.&nbsp;<\/p>\n<p>&nbsp;<\/p>\n<h2>Szerkeszt\u0151kre vonatkoz\u00f3 etikai norm\u00e1k<\/h2>\n<p>&nbsp;<\/p>\n<p>A Magyar \u00c9p\u00edt\u0151m\u0171v\u00e9szet foly\u00f3irat szerkeszt\u0151i k\u00f6vetik a Committee on Publication Ethics szerkeszt\u0151kre vonatkoz\u00f3 alapelveit \u00e9s legjobb gyakorlatok gy\u0171jtem\u00e9ny\u00e9t (Best practices)<\/p>\n<p>&nbsp;<\/p>\n<p><b>A szerkeszt\u0151k szerz\u0151i tev\u00e9kenys\u00e9ge<\/b><\/p>\n<p>A szerkeszt\u0151k, saj\u00e1t szerz\u0151i tev\u00e9kenys\u00e9g\u00fckkel p\u00e9ld\u00e1t kell mutassanak a t\u00f6bbi szerz\u0151nek, az etikai norm\u00e1k \u00e9s a min\u0151s\u00e9g tekintet\u00e9ben.&nbsp;<\/p>\n<p>&nbsp;<\/p>\n<p><b>Szerkeszt\u0151i f\u00fcggetlens\u00e9g<\/b><\/p>\n<p>A szerkeszt\u0151k szabadon, \u00f6nn\u00e1ll\u00f3an, tiszt\u00e1n szakmai alapon hozz\u00e1k meg d\u00f6nt\u00e9seiket,&nbsp;<\/p>\n<p>melyet nem befoly\u00e1sol \u00fczleti megfontol\u00e1s. A Magyar \u00c9p\u00edt\u0151m\u0171v\u00e9szek Sz\u00f6vets\u00e9ge mint kiad\u00f3 biztos\u00edtja a szerkeszt\u0151s\u00e9g auton\u00f3mi\u00e1j\u00e1t, semmilyen m\u00f3don nem avatkozik bele a foly\u00f3irattal kapcsolatos szakmai d\u00f6nt\u00e9sekbe.<\/p>\n<p>&nbsp;<\/p>\n<p><b>Titoktart\u00e1s<\/b><\/p>\n<p>Minden be\u00e9rkezett k\u00e9ziratot bizalmasan kezelend\u0151 dokumentumk\u00e9nt kell kezelni, csak a f\u0151szerkeszt\u0151 enged\u00e9ly\u00e9vel lehet m\u00e1sokkal megvitatni a k\u00f6zl\u00e9s el\u0151tt.&nbsp;<\/p>\n<p>&nbsp;<\/p>\n<p><b>Min\u0151s\u00e9g ir\u00e1nti elk\u00f6telezetts\u00e9g<\/b><\/p>\n<p>A szerkeszt\u0151k a lap c\u00e9ljainak megfelel\u0151en elj\u00e1r\u00e1sokat dolgoznak ki, hogy biztos\u00edts\u00e1k a k\u00f6zz\u00e9tett anyag min\u0151s\u00e9g\u00e9t, a kutat\u00e1s integrit\u00e1s\u00e1t. A szerkeszt\u0151k tev\u00e9kenys\u00e9g\u00fck sor\u00e1n odafigyelnek, hogy a szellemi \u00e9s etikai norm\u00e1k \u00e9rv\u00e9nyes\u00fcl\u00e9s\u00e9t ne vesz\u00e9lyeztess\u00e9g az \u00fczleti ig\u00e9nyek \u00e9s \u00e9rdekek.<\/p>\n<p>&nbsp;<\/p>\n<p><b>M\u00e9lt\u00e1nyos lektor\u00e1l\u00e1s<\/b><\/p>\n<p>A szerkeszt\u0151k arra t\u00f6rekednek, hogy a lektorok k\u00f6vess\u00e9k az etikai norm\u00e1kat, b\u00edr\u00e1latuk elfogulatlan legyen. A szerkeszt\u0151k d\u00f6nt\u00e9seiket az foly\u00f3irat k\u00fcldet\u00e9s\u00e9nek figyelembev\u00e9tel\u00e9vel \u00e9s az etikai norm\u00e1k betart\u00e1s\u00e1val hozz\u00e1k meg.<\/p>\n<p>&nbsp;<\/p>\n<p><b>Hibajav\u00edt\u00e1sok kezel\u00e9se<\/b><\/p>\n<p>A szerkeszt\u0151k a hib\u00e1kat a t\u0151l\u00fck elv\u00e1rhat\u00f3 gondoss\u00e1ggal kisz\u0171rik a megjelen\u00e9s el\u0151tt. A sajt\u00f3hib\u00e1kat, \u00e9s a tartalmi f\u00e9lrevezet\u0151 \u00e1ll\u00edt\u00e1sokat a k\u00f6vetkez\u0151 lapsz\u00e1m els\u0151 oldalain helyreigaz\u00edt\u00e1s c\u00edmen k\u00f6z\u00f6lj\u00fck.&nbsp;<\/p>\n<p>&nbsp;<\/p>\n<p><b>Eredetis\u00e9g<\/b><\/p>\n<p>A szerkeszt\u0151s\u00e9g elfogadhatatlannak \u00e9s etik\u00e1tlan magatart\u00e1snak tartja a pl\u00e1giumot. A publik\u00e1ci\u00f3s folyamat minden r\u00e9sztvev\u0151j\u00e9t\u0151l k\u00e9rj\u00fck az eredetis\u00e9gre \u00e9s a pl\u00e1giumra vonatkoz\u00f3 etikai norm\u00e1k betart\u00e1s\u00e1t.&nbsp;<\/p>\n<p>&nbsp;<\/p>\n<h2>A szerz\u0151kre vonatkoz\u00f3 etikai norm\u00e1k<\/h2>\n<p>A Magyar \u00c9p\u00edt\u0151m\u0171v\u00e9szet foly\u00f3irat szerz\u0151it\u0151l azt k\u00e9rj\u00fck, hogy k\u00f6vess\u00e9k a Committee on Publication Ethics alapelveit \u00e9s legjobb gyakorlatok gy\u0171jtem\u00e9ny\u00e9t (Best practices)<\/p>\n<p>&nbsp;<\/p>\n<p><b>Eredetis\u00e9g<\/b><\/p>\n<p>A szerz\u0151k felel\u0151ss\u00e9ge, hogy a beny\u00fajtott tanulm\u00e1ny eredeti, saj\u00e1t szellemi alkot\u00e1suk legyen. Mindenfajta pl\u00e1giumra utal\u00f3 szerz\u0151i magatart\u00e1st elfogadhatatlannak tartunk. Kiz\u00e1r\u00f3lag eredeti k\u00e9ziratok, kutat\u00e1si eredm\u00e9nyek ny\u00fajthat\u00f3k be. A k\u00fcls\u0151 forr\u00e1sb\u00f3l, m\u00e1s szerz\u0151t\u0151l sz\u00e1rmaz\u00f3 gondolatokat megfelel\u0151 hivatkoz\u00e1ssal kell ell\u00e1tni. M\u00e1s szerz\u0151 munk\u00e1j\u00e1t csak megfelel\u0151 hivatkoz\u00e1ssal ell\u00e1tva szabad felhaszn\u00e1lni.<\/p>\n<p>&nbsp;<\/p>\n<p><b>T\u00f6bbsz\u00f6r\u00f6s k\u00f6zl\u00e9s tilalma<\/b><\/p>\n<p>Ugyanazon k\u00e9zirat, kutat\u00e1si eredm\u00e9ny t\u00f6bb foly\u00f3irathoz t\u00f6rt\u00e9n\u0151 beny\u00fajt\u00e1sa, etikai norm\u00e1kba \u00fctk\u00f6zik, a lap sz\u00e1m\u00e1ra elfogadhatatlan. Ugyanez vonatkozik a m\u00e1r megjelentetett k\u00e9zirat, tudom\u00e1nyos eredm\u00e9ny \u00fajb\u00f3li beny\u00fajt\u00e1s\u00e1ra is.<\/p>\n<p>&nbsp;<\/p>\n<p><b>T\u00e1mogat\u00e1si forr\u00e1sok nyilv\u00e1nos kommunik\u00e1ci\u00f3ja<\/b><\/p>\n<p>P\u00e9nz\u00fcgyi t\u00e1mogat\u00e1sban r\u00e9szes\u00fclt cikkek eset\u00e9n a forr\u00e1st egy\u00e9rtelm\u0171en fel kell t\u00fcntetni.&nbsp;<\/p>\n<p>&nbsp;<\/p>\n<p><b>\u00d6sszef\u00e9rhetetlens\u00e9g<\/b><\/p>\n<p>Minden felmer\u00fcl\u0151 \u00f6sszef\u00e9rhetetlens\u00e9get fel kell t\u00fcntetni.<\/p>\n<p>&nbsp;<\/p>\n<p><b>Etikai norm\u00e1k<\/b><\/p>\n<p>A cikkek, tanulm\u00e1nyok illetve az alapj\u00e1ul szolg\u00e1l\u00f3 kutat\u00e1sok sor\u00e1n az \u00e1ltal\u00e1nos etikai norm\u00e1kat be kell tartani. Olyan t\u00e9m\u00e1k eset\u00e9ben amelyeket etikai bizotts\u00e1gnak kell j\u00f3v\u00e1hagynia, k\u00e9rj\u00fck bemutatni az etikai bizotts\u00e1g \u00edr\u00e1sbeli nyilatkozat\u00e1t illetve a r\u00e9sztvev\u0151 szem\u00e9lyek hozz\u00e1j\u00e1rul\u00e1s\u00e1t \u00edr\u00e1sban.&nbsp;<\/p>\n<p>&nbsp;<\/p>\n<p><b>Szerz\u0151s\u00e9g&nbsp;<\/b><\/p>\n<p>Csak olyan szem\u00e9lyt lehet szerz\u0151k\u00e9nt felt\u00fcntetni, aki \u00e9rdemben hozz\u00e1j\u00e1rult a tanulm\u00e1ny koncepci\u00f3j\u00e1hoz, tervez\u00e9s\u00e9hez, kivitelez\u00e9s\u00e9hez, \u00e9s minden ilyen szem\u00e9ly fel kell t\u00fcntetni.&nbsp; T\u00e1rsszerz\u0151k\u00e9nt kell felt\u00fcnteti azokat a szem\u00e9lyeket akik jelent\u0151sen hozz\u00e1j\u00e1rultak a tanulm\u00e1nyhoz. Minden olyan szem\u00e9lyt fel kell t\u00fcntetni k\u00f6zrem\u0171k\u00f6d\u0151k\u00e9nt, akik a tanulm\u00e1ny alapj\u00e1t jelent\u0151 kutat\u00e1sban r\u00e9szt vettek. A szerz\u0151nek kell szavatolnia, hogy minden t\u00e1rsszerz\u0151t,&nbsp; felt\u00fcntetett, valamint, hogy a t\u00e1rsszerz\u0151k hozz\u00e1j\u00e1rultak a cikk v\u00e9gleges v\u00e1ltozat\u00e1hoz. A szerz\u0151k szavatolj\u00e1k a tanulm\u00e1nyban le\u00edrtak val\u00f3dis\u00e1g\u00e1t.<\/p>\n<p>&nbsp;<\/p>\n<h2>Lektorokra vonatkoz\u00f3 etikai norm\u00e1k<\/h2>\n<p>&nbsp;<\/p>\n<p>A Magyar \u00c9p\u00edt\u0151m\u0171v\u00e9szet foly\u00f3irat lektorait\u00f3l azt k\u00e9rj\u00fck, hogy k\u00f6vess\u00e9k a Committee on Publication Ethics lektorokra (peer-reviewers) vonatkoz\u00f3 alapelveit \u00e9s legjobb gyakorlatok gy\u0171jtem\u00e9ny\u00e9t (best practices)<\/p>\n<p>&nbsp;<\/p>\n<p><b>A lektor\u00e1l\u00e1s folyamata<\/b><\/p>\n<p>A f\u0151szerkeszt\u0151 d\u00f6nt a lektorok felk\u00e9r\u00e9s\u00e9r\u0151l. A Magyar \u00c9p\u00edt\u0151m\u0171v\u00e9szet foly\u00f3irat a kollegi\u00e1lis lektor\u00e1l\u00e1s folyamat\u00e1t alkalmazza. A lektor\u00e1l\u00e1s c\u00e9lja a f\u0151szerkeszt\u0151i d\u00f6nt\u00e9sek seg\u00edt\u00e9se, \u00e9s a szakmai sz\u00ednvonal biztos\u00edt\u00e1sa. A folyamatban a lektorok szerepe tan\u00e1csad\u00f3 jelleg\u0171, a szerkeszt\u0151k nem k\u00f6telesek figyelembe venni a lektorok v\u00e9lem\u00e9ny\u00e9t.<\/p>\n<p>&nbsp;<\/p>\n<p><b>Anonimit\u00e1s (Double blind review)<\/b><\/p>\n<p>A lektornak anonimnek kell maradnia, nem veheti fel a kapcsolatot a szerz\u0151vel. Amennyiben t\u00f6bb lektor is v\u00e9lem\u00e9nyezi a k\u00e9ziratot, a lektorok egym\u00e1st el\u0151tt is anonimek maradnak. (Double-blind review). A szerkeszt\u0151k k\u00f6zvet\u00edtik az \u00fczeneteket a lektorok \u00e9s a szerz\u0151k k\u00f6z\u00f6tt.&nbsp;<\/p>\n<p>&nbsp;<\/p>\n<p><b>Titoktart\u00e1s<\/b><\/p>\n<p>A lektoroknak a bizalmasan kell kezelni\u00fck a k\u00e9ziratokat. Semmilyen inform\u00e1ci\u00f3t nem oszthatnak meg, kiv\u00e9ve a lektorokkal val\u00f3 kommunik\u00e1ci\u00f3ra kijel\u00f6lt szerkeszt\u0151t.<\/p>\n<p>&nbsp;<\/p>\n<p><b>Alkalmass\u00e1g, \u00f6sszef\u00e9rhetetlens\u00e9g, es\u00e9lyegyenl\u0151s\u00e9g<\/b><\/p>\n<p>A lektor rendelkeznie kell a k\u00e9zirat v\u00e9lem\u00e9nyez\u00e9s\u00e9hez sz\u00fcks\u00e9ges szak\u00e9rtelemmel. A lektornak alkalmasnak kell lennie az elfogulatlan \u00e9rt\u00e9kel\u00e9sre. A lektornak elfogulatlanul kell v\u00e9lem\u00e9nyt alkotnia, tekintet n\u00e9lk\u00fcl a szerz\u0151 tekintet n\u00e9lk\u00fcl a szerz\u0151 faj\u00e1ra, nem\u00e9re, szexu\u00e1lis ir\u00e1nyults\u00e1g\u00e1ra, etnikai hovatartoz\u00e1s\u00e1ra, \u00e1llampolg\u00e1rs\u00e1g\u00e1ra, vall\u00e1si meggy\u0151z\u0151d\u00e9s\u00e9re, vagy politikai n\u00e9zeteire.&nbsp;<\/p>\n<p>&nbsp;<\/p>\n<p><b>Szakmai felel\u0151ss\u00e9g, objektivit\u00e1s<\/b><\/p>\n<p>A lektor szakmailag meglapozott, konstrukt\u00edv v\u00e9lem\u00e9nyt fogalmazzon meg, amely seg\u00edt a szerz\u0151nek a k\u00e9zirat jav\u00edt\u00e1s\u00e1ban. A lektor objekt\u00edv, egy\u00e9rtelm\u0171en megfogalmazott, \u00e9rvekkel al\u00e1t\u00e1masztott v\u00e9lem\u00e9nyt fogalmazzon meg.&nbsp;<\/p>\n<p>&nbsp;<\/p>\n<p><b>Hely\u00e9nval\u00f3 visszajelz\u00e9s<\/b><\/p>\n<p>A lektori v\u00e9lem\u00e9ny legyen szakszer\u0171, tart\u00f3zkodjon a szem\u00e9lyesked\u00e9st\u0151l, a r\u00e1galmaz\u00e1st\u00f3l, ne legyen megal\u00e1z\u00f3, vagy derog\u00e1l\u00f3, ne fogalmazzon meg alaptalan v\u00e1dakat.&nbsp;<\/p>\n<p>&nbsp;<\/p>\n<p><b>Verseng\u00e9s, \u00e9rdek\u00e9rv\u00e9nyes\u00edt\u00e9s felt\u00e1r\u00e1sa<\/b><\/p>\n<p>A lektorok \u00e9s a szerz\u0151k k\u00f6z\u00f6tti mindennem\u0171 verseng\u0151 \u00e9rdeket vagy \u00e9rdek\u00fctk\u00f6z\u00e9st (szem\u00e9lyes, szakmai, szellemi, p\u00e9nz\u00fcgyi, politikai, vall\u00e1si) fel kell t\u00e1rni a szerkeszt\u0151k \u00e9s a f\u0151szerkeszt\u0151 el\u0151tt. A szerz\u0151kkel egy int\u00e9zm\u00e9nyben foglalkoztatott szem\u00e9lyeket (az elm\u00falt 3 \u00e9vet bele\u00e9rtve), mentorokat, mentor\u00e1ltakat, k\u00f6zeli munkat\u00e1rsakat, k\u00f6z\u00f6s projektben r\u00e9szt vev\u0151ket, nem lehet lektori munk\u00e1ra felk\u00e9rni.&nbsp;<\/p>\n","protected":false},"excerpt":{"rendered":"<p>Publik\u00e1ci\u00f3s etikai nyilatkozat, a publik\u00e1l\u00e1s alapelvei Magyar \u00e9p\u00edt\u0151m\u0171v\u00e9szet foly\u00f3irat &nbsp; A Magyar \u00c9p\u00edt\u0151m\u0171v\u00e9szet foly\u00f3irat elk\u00f6telezetten k\u00f6veti a tudom\u00e1nyos publik\u00e1ci\u00f3k etikai norm\u00e1it, \u00f6sszhangban a Committee on Publication Ethics alapelveivel. A publik\u00e1ci\u00f3s folyamat sor\u00e1n minden r\u00e9sztvev\u0151nek, a szerz\u0151knek, a szerkeszt\u0151knek, a felk\u00e9rt lektoroknak \u00e9s szak\u00e9rt\u0151knek magukra n\u00e9zve k\u00f6telez\u0151en be kell tartaniuk a tudom\u00e1nyos publik\u00e1ci\u00f3ra vonatkoz\u00f3 etikai norm\u00e1kat. [&hellip;]<\/p>\n","protected":false},"author":1,"featured_media":0,"parent":36407,"menu_order":0,"comment_status":"closed","ping_status":"closed","template":"","meta":{"ngg_post_thumbnail":0},"_links":{"self":[{"href":"https:\/\/meonline.hu\/en\/wp-json\/wp\/v2\/pages\/36410"}],"collection":[{"href":"https:\/\/meonline.hu\/en\/wp-json\/wp\/v2\/pages"}],"about":[{"href":"https:\/\/meonline.hu\/en\/wp-json\/wp\/v2\/types\/page"}],"author":[{"embeddable":true,"href":"https:\/\/meonline.hu\/en\/wp-json\/wp\/v2\/users\/1"}],"replies":[{"embeddable":true,"href":"https:\/\/meonline.hu\/en\/wp-json\/wp\/v2\/comments?post=36410"}],"version-history":[{"count":5,"href":"https:\/\/meonline.hu\/en\/wp-json\/wp\/v2\/pages\/36410\/revisions"}],"predecessor-version":[{"id":39582,"href":"https:\/\/meonline.hu\/en\/wp-json\/wp\/v2\/pages\/36410\/revisions\/39582"}],"up":[{"embeddable":true,"href":"https:\/\/meonline.hu\/en\/wp-json\/wp\/v2\/pages\/36407"}],"wp:attachment":[{"href":"https:\/\/meonline.hu\/en\/wp-json\/wp\/v2\/media?parent=36410"}],"curies":[{"name":"wp","href":"https:\/\/api.w.org\/{rel}","templated":true}]}}