{"id":36413,"date":"2021-10-10T11:30:43","date_gmt":"2021-10-10T09:30:43","guid":{"rendered":"http:\/\/meonline.hu\/?page_id=36413"},"modified":"2021-12-30T20:41:20","modified_gmt":"2021-12-30T19:41:20","slug":"szerzoi-utmutato","status":"publish","type":"page","link":"https:\/\/meonline.hu\/en\/rolunk\/szerzoi-utmutato\/","title":{"rendered":"Szerz\u0151i \u00fatmutat\u00f3"},"content":{"rendered":"<h1><span style=\"font-weight: 400;\">Szerz\u0151i \u00fatmutat\u00f3<\/span><\/h1>\n<p>&nbsp;<\/p>\n<p><b>C\u00e9lok \u00e9s tematik\u00e1k<\/b><\/p>\n<p><span style=\"font-weight: 400;\">A R\u00e9gi-\u00faj Magyar \u00c9p\u00edt\u0151m\u0171v\u00e9szet foly\u00f3irat tudom\u00e1nyos ig\u00e9ny\u0171 \u00e9p\u00fclet-elemz\u00e9seket,&nbsp; essz\u00e9ket, az \u00e9p\u00edt\u00e9szet tudom\u00e1nyos eredm\u00e9nyeit bemutat\u00f3 eredeti tanulm\u00e1nyokat, k\u00e9ziratokat illetve \u00e9p\u00edt\u00e9szeti vagy az \u00e9p\u00edt\u00e9szet t\u00e1rster\u00fcleteivel foglalkoz\u00f3 k\u00f6nyvelemz\u00e9seket fogad be k\u00f6zl\u00e9sre. Az Ut\u00f3irat mell\u00e9klet \u00e9p\u00edt\u00e9szetelm\u00e9let \u00e9s -t\u00f6rt\u00e9net, \u00f6r\u00f6ks\u00e9g- \u00e9s m\u0171eml\u00e9kv\u00e9delem, rehabilit\u00e1ci\u00f3, rekonstrukci\u00f3, revitaliz\u00e1ci\u00f3, bels\u0151\u00e9p\u00edt\u00e9szet, design, urbanisztika, szakr\u00e1lis \u00e9p\u00edt\u00e9szet, t\u00e1j\u00e9p\u00edt\u00e9szet, k\u00f6rnyezetpszichol\u00f3gia, k\u00f6zt\u00e9rfejleszt\u00e9s, \u00e9p\u00edt\u00e9studom\u00e1ny, m\u00e9rn\u00f6ki szerkezetek, k\u00f6rnyezettudatos, fenntarthat\u00f3 \u00e9p\u00edt\u00e9szet, \u00e9p\u00edt\u00e9szeti innov\u00e1ci\u00f3, t\u00e1rsm\u0171v\u00e9szetek \u00e9s t\u00e1rstudom\u00e1nyok, innovat\u00edv technol\u00f3giai \u00fajdons\u00e1gok, az \u00e9p\u00edtett k\u00f6rnyezettel kapcsolatos filoz\u00f3fiai, t\u00e9relm\u00e9leti, eszt\u00e9tikai, \u00f6kol\u00f3giai \u00e9s szakmai \u00e9s szakmapolitikai t\u00e1rgy\u00fa eredeti tanulm\u00e1nyokat&nbsp; fogad be k\u00f6zl\u00e9sre. A bek\u00fcld\u00f6tt k\u00e9ziratok k\u00f6zl\u00e9s\u00e9r\u0151l lektori v\u00e9lem\u00e9nyez\u00e9s alapj\u00e1n (double blind review) a f\u0151szerkeszt\u0151 d\u00f6nt.&nbsp;<\/span><\/p>\n<p>&nbsp;<\/p>\n<p><b>K\u00e9ziratok beny\u00fajt\u00e1sa<\/b><\/p>\n<p><span style=\"font-weight: 400;\">A k\u00e9ziratokat a szerkeszt\u0151s\u00e9g email c\u00edm\u00e9re k\u00e9rj\u00fck k\u00fcldeni: epitomuveszet_at_gmail.com<\/span><\/p>\n<p><span style=\"font-weight: 400;\">A k\u00e9ziratok terjedelm\u00e9t minden esetben egyeztetni sz\u00fcks\u00e9ges a szerkeszt\u0151kkel. Az Ut\u00f3iratban k\u00f6z\u00f6lt tanulm\u00e1nyok tipikus terjedelme 10- \u00e9s 25000 car. k\u00f6z\u00f6tt mozog.<\/span><\/p>\n<p><span style=\"font-weight: 400;\">A tanulm\u00e1nyokhoz k\u00e9r\u00fcnk magyar \u00e9s angol nyelv\u0171 absztrakt-ot is beny\u00fajtani 800-1500 car. terjedelemben.<\/span><\/p>\n<p>&nbsp;<\/p>\n<p><b>Hivatkoz\u00e1sok<\/b><\/p>\n<p><span style=\"font-weight: 400;\">A sz\u00f6vegben felhaszn\u00e1lt forr\u00e1sokat, m\u00e1s szerz\u0151k munk\u00e1it l\u00e1bjegyzetekben k\u00e9rj\u00fck hivatkozni. Els\u0151 alkalommal teljes form\u00e1ban k\u00e9rj\u00fck a hivatkoz\u00e1st, ugyanazon szerz\u0151 \u00fajb\u00f3li hivatkoz\u00e1s\u00e1t r\u00f6vid\u00edtve, szerz\u0151, \u00e9vsz\u00e1m jel\u00f6l\u00e9ssel.<\/span><\/p>\n<p>&nbsp;<\/p>\n<p><span style=\"font-weight: 400;\">P\u00e9ld\u00e1k:<\/span><\/p>\n<p><b>K\u00f6nyv<\/b><\/p>\n<p><span style=\"font-weight: 400;\">Szeg\u0151 Gy\u00f6rgy: Teremt\u00e9s \u00e9s \u00e1tv\u00e1ltoz\u00e1s. HG &amp; T\u00e1rsa Kiad\u00f3, Budapest, 1996. 115.<\/span><\/p>\n<p><span style=\"font-weight: 400;\">Crook, J. Mordaunt: William Burges and the High Victorian Dream. The University of<\/span><\/p>\n<p><span style=\"font-weight: 400;\">Chicago Press, 1981. 316.<\/span><\/p>\n<p>&nbsp;<\/p>\n<p><b>Foly\u00f3irat<\/b><\/p>\n<p><span style=\"font-weight: 400;\">Crompton, Andrew: The architecture of multifaith spaces: God leaves the building.<\/span><\/p>\n<p><span style=\"font-weight: 400;\">The Journal of Architecture, Vol. 18, No. 4, 2013, 474\u2013496, 493.<\/span><\/p>\n<p><span style=\"font-weight: 400;\">Szepesi Gy\u00f6rgy: A gar\u00e1zsokkal szerencs\u00e9m volt, N\u00e9pszabads\u00e1g, 1975\/33., 79.<\/span><\/p>\n<p><span style=\"font-weight: 400;\">Sonnenberg Emil Munk\u00e1csy-utczai b\u00e9rpalot\u00e1ja. Magyar \u00c9p\u00edt\u0151m\u0171v\u00e9szet \u2013 Magyar P\u00e1ly\u00e1zatok 1906\/4. 1. 25-29.<\/span><\/p>\n<p>&nbsp;<\/p>\n<p><b>Tanulm\u00e1nyk\u00f6tet, antol\u00f3gia:<\/b><\/p>\n<p><span style=\"font-weight: 400;\">Eco, Umberto: Function and Sign: The Semiotics of Architecture In: Leach, Neil (szerk):<\/span><\/p>\n<p><span style=\"font-weight: 400;\">Rethinking Architecture, A reader in cultural theory. Routledge, 1997, 173\u2013190, 179.<\/span><\/p>\n<p>&nbsp;<\/p>\n<h1><span style=\"font-weight: 400;\">Adatv\u00e9delem<\/span><\/h1>\n<p><span style=\"font-weight: 400;\">A publik\u00e1ci\u00f3s folyamat sor\u00e1n megadott szem\u00e9lyes adatokat m\u00e1s c\u00e9lra, harmadik f\u00e9lnek nem adjuk \u00e1t.<\/span><\/p>\n<p>&nbsp;<\/p>\n<h1><span style=\"font-weight: 400;\">Jogi inform\u00e1ci\u00f3k<\/span><\/h1>\n<p><span style=\"font-weight: 400;\">Lapalap\u00edt\u00f3 (1903) \u00e9s kiad\u00f3: Magyar \u00c9p\u00edt\u0151m\u0171v\u00e9szek Sz\u00f6vets\u00e9ge<\/span><\/p>\n<p><span style=\"font-weight: 400;\">1088 Budapest \u00d6tpacsirta u 2.<\/span><\/p>\n","protected":false},"excerpt":{"rendered":"<p>Szerz\u0151i \u00fatmutat\u00f3 &nbsp; C\u00e9lok \u00e9s tematik\u00e1k A R\u00e9gi-\u00faj Magyar \u00c9p\u00edt\u0151m\u0171v\u00e9szet foly\u00f3irat tudom\u00e1nyos ig\u00e9ny\u0171 \u00e9p\u00fclet-elemz\u00e9seket,&nbsp; essz\u00e9ket, az \u00e9p\u00edt\u00e9szet tudom\u00e1nyos eredm\u00e9nyeit bemutat\u00f3 eredeti tanulm\u00e1nyokat, k\u00e9ziratokat illetve \u00e9p\u00edt\u00e9szeti vagy az \u00e9p\u00edt\u00e9szet t\u00e1rster\u00fcleteivel foglalkoz\u00f3 k\u00f6nyvelemz\u00e9seket fogad be k\u00f6zl\u00e9sre. Az Ut\u00f3irat mell\u00e9klet \u00e9p\u00edt\u00e9szetelm\u00e9let \u00e9s -t\u00f6rt\u00e9net, \u00f6r\u00f6ks\u00e9g- \u00e9s m\u0171eml\u00e9kv\u00e9delem, rehabilit\u00e1ci\u00f3, rekonstrukci\u00f3, revitaliz\u00e1ci\u00f3, bels\u0151\u00e9p\u00edt\u00e9szet, design, urbanisztika, szakr\u00e1lis \u00e9p\u00edt\u00e9szet, t\u00e1j\u00e9p\u00edt\u00e9szet, k\u00f6rnyezetpszichol\u00f3gia, k\u00f6zt\u00e9rfejleszt\u00e9s, \u00e9p\u00edt\u00e9studom\u00e1ny, [&hellip;]<\/p>\n","protected":false},"author":1,"featured_media":0,"parent":36407,"menu_order":0,"comment_status":"closed","ping_status":"closed","template":"","meta":{"ngg_post_thumbnail":0},"_links":{"self":[{"href":"https:\/\/meonline.hu\/en\/wp-json\/wp\/v2\/pages\/36413"}],"collection":[{"href":"https:\/\/meonline.hu\/en\/wp-json\/wp\/v2\/pages"}],"about":[{"href":"https:\/\/meonline.hu\/en\/wp-json\/wp\/v2\/types\/page"}],"author":[{"embeddable":true,"href":"https:\/\/meonline.hu\/en\/wp-json\/wp\/v2\/users\/1"}],"replies":[{"embeddable":true,"href":"https:\/\/meonline.hu\/en\/wp-json\/wp\/v2\/comments?post=36413"}],"version-history":[{"count":4,"href":"https:\/\/meonline.hu\/en\/wp-json\/wp\/v2\/pages\/36413\/revisions"}],"predecessor-version":[{"id":39584,"href":"https:\/\/meonline.hu\/en\/wp-json\/wp\/v2\/pages\/36413\/revisions\/39584"}],"up":[{"embeddable":true,"href":"https:\/\/meonline.hu\/en\/wp-json\/wp\/v2\/pages\/36407"}],"wp:attachment":[{"href":"https:\/\/meonline.hu\/en\/wp-json\/wp\/v2\/media?parent=36413"}],"curies":[{"name":"wp","href":"https:\/\/api.w.org\/{rel}","templated":true}]}}