{"id":36436,"date":"2021-10-10T22:52:43","date_gmt":"2021-10-10T20:52:43","guid":{"rendered":"http:\/\/meonline.hu\/?page_id=36436"},"modified":"2021-12-30T20:41:21","modified_gmt":"2021-12-30T19:41:21","slug":"archivalasi-modok","status":"publish","type":"page","link":"https:\/\/meonline.hu\/en\/rolunk\/archivalasi-modok\/","title":{"rendered":"Archiv\u00e1l\u00e1si m\u00f3dok"},"content":{"rendered":"<h1><span style=\"font-weight: 400;\">Archiv\u00e1l\u00e1si m\u00f3dok<\/span><\/h1>\n<p><span style=\"font-weight: 400;\">A R\u00e9gi-\u00faj Magyar \u00c9p\u00edt\u0151m\u0171v\u00e9szet foly\u00f3irat felel\u0151ss\u00e9get \u00e9rez a lap \u00e1ltal teremtett kultur\u00e1lis \u00e9rt\u00e9k meg\u0151rz\u00e9se ir\u00e1nt. A nyomtatott foly\u00f3irat minden lapsz\u00e1m\u00e1b\u00f3l 6 p\u00e9ld\u00e1nyt az&nbsp; Orsz\u00e1gos Sz\u00e9ch\u00e9nyi K\u00f6nyvt\u00e1rba k\u00fcld\u00fcnk archiv\u00e1l\u00e1si c\u00e9llal. Internetes digit\u00e1lis arch\u00edvumk\u00e9nt az Arcanum Digit\u00e1lis Tudom\u00e1nyt\u00e1rral (ADT) \u00e1llunk szerz\u0151d\u00e9ses kapcsolatban. Az ADT-nek m\u00e1sf\u00e9l \u00e9v k\u00f6vet\u00e9si id\u0151vel k\u00fcldj\u00fck meg lapsz\u00e1mainkat. Az ADT-ben a foly\u00f3irat digit\u00e1lis p\u00e9ld\u00e1nyai eg\u00e9szen 1903-ra visszamen\u0151en megtal\u00e1lhat\u00f3k.&nbsp;<\/span><\/p>\n<p><span style=\"font-weight: 400;\">1903-2020 <\/span><a href=\"https:\/\/adt.arcanum.com\/hu\/collection\/MagyarPalyazatokEpitomuveszet\/\"><span style=\"font-weight: 400;\">https:\/\/adt.arcanum.com\/hu\/collection\/MagyarPalyazatokEpitomuveszet\/<\/span><\/a><\/p>\n<p><span style=\"font-weight: 400;\">Digit\u00e1lis katal\u00f3gusk\u00e9nt a MATARKA rendszer folyamatosan k\u00f6veti lapsz\u00e1mainkat, \u00e9s abb\u00f3l kereshet\u0151 digit\u00e1lis katal\u00f3gus-c\u00e9dula adatb\u00e1zis hoz l\u00e9tre.&nbsp;<\/span><\/p>\n<p><span style=\"font-weight: 400;\">1952-1996: <\/span><a href=\"https:\/\/matarka.hu\/szam_list.php?fsz=2072\"><span style=\"font-weight: 400;\">https:\/\/matarka.hu\/szam_list.php?fsz=2072<\/span><\/a><\/p>\n<p><span style=\"font-weight: 400;\">1998-2002 <\/span><a href=\"https:\/\/matarka.hu\/szam_list.php?fsz=2035\"><span style=\"font-weight: 400;\">https:\/\/matarka.hu\/szam_list.php?fsz=2035<\/span><\/a><\/p>\n<p><span style=\"font-weight: 400;\">2003-2021 <\/span><a href=\"https:\/\/matarka.hu\/szam_list.php?fsz=637\"><span style=\"font-weight: 400;\">https:\/\/matarka.hu\/szam_list.php?fsz=637<\/span><\/a><\/p>\n<h1><span style=\"font-weight: 400;\">Adatv\u00e9delem<\/span><\/h1>\n<p><span style=\"font-weight: 400;\">A publik\u00e1ci\u00f3s folyamat sor\u00e1n megadott szem\u00e9lyes adatokat m\u00e1s c\u00e9lra, harmadik f\u00e9lnek nem adjuk \u00e1t.<\/span><\/p>\n<p>&nbsp;<\/p>\n<h1><span style=\"font-weight: 400;\">Jogi inform\u00e1ci\u00f3k<\/span><\/h1>\n<p><span style=\"font-weight: 400;\">Lapalap\u00edt\u00f3 (1903) \u00e9s kiad\u00f3: Magyar \u00c9p\u00edt\u0151m\u0171v\u00e9szek Sz\u00f6vets\u00e9ge<\/span><\/p>\n<p><span style=\"font-weight: 400;\">1088 Budapest \u00d6tpacsirta u 2.<\/span><\/p>\n","protected":false},"excerpt":{"rendered":"<p>Archiv\u00e1l\u00e1si m\u00f3dok A R\u00e9gi-\u00faj Magyar \u00c9p\u00edt\u0151m\u0171v\u00e9szet foly\u00f3irat felel\u0151ss\u00e9get \u00e9rez a lap \u00e1ltal teremtett kultur\u00e1lis \u00e9rt\u00e9k meg\u0151rz\u00e9se ir\u00e1nt. A nyomtatott foly\u00f3irat minden lapsz\u00e1m\u00e1b\u00f3l 6 p\u00e9ld\u00e1nyt az&nbsp; Orsz\u00e1gos Sz\u00e9ch\u00e9nyi K\u00f6nyvt\u00e1rba k\u00fcld\u00fcnk archiv\u00e1l\u00e1si c\u00e9llal. Internetes digit\u00e1lis arch\u00edvumk\u00e9nt az Arcanum Digit\u00e1lis Tudom\u00e1nyt\u00e1rral (ADT) \u00e1llunk szerz\u0151d\u00e9ses kapcsolatban. Az ADT-nek m\u00e1sf\u00e9l \u00e9v k\u00f6vet\u00e9si id\u0151vel k\u00fcldj\u00fck meg lapsz\u00e1mainkat. Az ADT-ben a foly\u00f3irat [&hellip;]<\/p>\n","protected":false},"author":1,"featured_media":0,"parent":36407,"menu_order":0,"comment_status":"closed","ping_status":"closed","template":"","meta":{"ngg_post_thumbnail":0},"_links":{"self":[{"href":"https:\/\/meonline.hu\/en\/wp-json\/wp\/v2\/pages\/36436"}],"collection":[{"href":"https:\/\/meonline.hu\/en\/wp-json\/wp\/v2\/pages"}],"about":[{"href":"https:\/\/meonline.hu\/en\/wp-json\/wp\/v2\/types\/page"}],"author":[{"embeddable":true,"href":"https:\/\/meonline.hu\/en\/wp-json\/wp\/v2\/users\/1"}],"replies":[{"embeddable":true,"href":"https:\/\/meonline.hu\/en\/wp-json\/wp\/v2\/comments?post=36436"}],"version-history":[{"count":2,"href":"https:\/\/meonline.hu\/en\/wp-json\/wp\/v2\/pages\/36436\/revisions"}],"predecessor-version":[{"id":39604,"href":"https:\/\/meonline.hu\/en\/wp-json\/wp\/v2\/pages\/36436\/revisions\/39604"}],"up":[{"embeddable":true,"href":"https:\/\/meonline.hu\/en\/wp-json\/wp\/v2\/pages\/36407"}],"wp:attachment":[{"href":"https:\/\/meonline.hu\/en\/wp-json\/wp\/v2\/media?parent=36436"}],"curies":[{"name":"wp","href":"https:\/\/api.w.org\/{rel}","templated":true}]}}