{"id":39134,"date":"2010-01-25T10:59:44","date_gmt":"2010-01-25T10:59:44","guid":{"rendered":"http:\/\/meonline.hu\/contact\/"},"modified":"2010-01-25T10:59:44","modified_gmt":"2010-01-25T10:59:44","slug":"contact","status":"publish","type":"page","link":"https:\/\/meonline.hu\/en\/contact\/","title":{"rendered":"Contact"},"content":{"rendered":"<h1 style=\"font-weight: 600;\">Contact<\/h1>\n<p>&nbsp;Hungarian Architecture is the official review of the Association of Hungarian Architects since 1903. Our mission is to present the contemporary Hungarian architectural scene both in national and international scene. We always publish our leading articles in English, which are available in our website \u2013 meonline.hu \u2013 as well. Published six times a year.<\/p>\n<p><span style=\"font-weight: 400;\">Our periodical titled&nbsp;<\/span><i><span style=\"font-weight: 400;\">Magyar \u00c9p\u00edt\u0151m\u0171v\u00e9szet \/\/ Hungarian Architecture&nbsp;<\/span><\/i><span style=\"font-weight: 400;\">is committed to follow ethical guidelines and norms of professional literature and scientific publications, in line with the principles of the Committee on Publication Ethics (COPE,&nbsp;<\/span><a href=\"https:\/\/publicationethics.org\/\"><span style=\"font-weight: 400;\">https:\/\/publicationethics.org\/<\/span><\/a><span style=\"font-weight: 400;\">), an international and independent organisation of professionals. Each participant involved in the publication processes, such as authors, proofreaders, peer reviewers and experts are to embrace the ethics of scientific publications. The decision to publish manuscripts submitted to our periodical is made by the editor-in-chief based on the peer reviewer\u2019s opinion (double blind review).&nbsp;&nbsp;<a href=\"https:\/\/meonline.hu\/en\/rolunk\/publikacios-etikai-nyilatkozat\/\">Publication Ethics and Malpractice Statement<\/a>&nbsp;<\/span><\/p>\n<p>House of Architects &#8211; Headquarters of the Association of Hungarian Architects<br \/>\nAddress: H-1088 Budapest \u00d6tpacsirta u. 2. HUNGARY<br \/>\nTel: +3613182444<br \/>\nE-mail: epitomuveszet(at)gmail.com<\/p>\n<p>Subscription: <a href=\"http:\/\/webshop.meonline.hu\">webshop.meonline.hu<\/a><br \/>\nIf you have any questions do not hesitate to contact us: epitomuveszet(at)gmail.com<\/p>\n<p><strong>Hungarian Architecture<\/strong><br \/>\nPublisher: Andr\u00e1s Krizs\u00e1n, President of the Association of Hungarian Architects<\/p>\n<p>Editor in Chief:&nbsp; Gy\u00f6rgy Szeg\u0151 DLA<br \/>\nContributing Editor:&nbsp;B\u00e1lint Botzheim<br \/>\nCopy Editor: Eszter G\u00f6tz<br \/>\nPhoto Editor:&nbsp; Tam\u00e1s Bujnovszky<br \/>\nEnglish Translation: Anik\u00f3 N\u00e9meth<\/p>\n<p>Printing: deMax M\u0171vek<br \/>\nDesign, Typo:&nbsp; Andr\u00e1s Kludov\u00e1cz<\/p>\n<p>Web Editor:&nbsp;Zsuzsa&nbsp;Sch\u00e4ffer<br \/>\nVisual Culture column editor: S\u00e1ndor Hornyik<\/p>\n<p><strong>Advertising<\/strong><br \/>\nAdvert Manager: M\u00e1rta Cser<br \/>\ne-mail: <a href=\"mailto:epitomuveszet@gmail.com\">epitomuveszet@gmail.com<\/a><\/p>\n<p><strong>Transfer details<\/strong><br \/>\nName: Magyar \u00c9p\u00edt\u0151m\u0171v\u00e9szek Sz\u00f6vets\u00e9ge (Association of Hungarian Architects)<br \/>\nAddress: H-1088 Budapest, \u00d6tpacsirta u. 2. HUNGARY<br \/>\nBank: K&amp;H Budapest<br \/>\nIBAN: HU 27 10201006-50197952-00000000<br \/>\nSWIFT: OKHBHUHB<br \/>\nVAT number: 19661380-2-42<\/p>\n<p>&nbsp;<\/p>\n<p><img loading=\"lazy\" class=\"alignnone size-full wp-image-12871\" src=\"http:\/\/meonline.hu\/wp-content\/uploads\/2010\/01\/impresszum.jpg\" alt=\"impresszum\" width=\"600\" height=\"312\" srcset=\"https:\/\/meonline.hu\/wp-content\/uploads\/2010\/01\/impresszum.jpg 600w, https:\/\/meonline.hu\/wp-content\/uploads\/2010\/01\/impresszum-250x130.jpg 250w, https:\/\/meonline.hu\/wp-content\/uploads\/2010\/01\/impresszum-300x156.jpg 300w\" sizes=\"(max-width: 600px) 100vw, 600px\" \/><\/p>\n<p>&nbsp;<\/p>\n<p>&nbsp;<\/p>\n<p>&nbsp;<\/p>\n","protected":false},"excerpt":{"rendered":"<p>Contact &nbsp;Hungarian Architecture is the official review of the Association of Hungarian Architects since 1903. Our mission is to present the contemporary Hungarian architectural scene both in national and international scene. We always publish our leading articles in English, which are available in our website \u2013 meonline.hu \u2013 as well. Published six times a year. [&hellip;]<\/p>\n","protected":false},"author":1,"featured_media":12871,"parent":0,"menu_order":1,"comment_status":"closed","ping_status":"closed","template":"","meta":{"ngg_post_thumbnail":0},"_links":{"self":[{"href":"https:\/\/meonline.hu\/en\/wp-json\/wp\/v2\/pages\/39134"}],"collection":[{"href":"https:\/\/meonline.hu\/en\/wp-json\/wp\/v2\/pages"}],"about":[{"href":"https:\/\/meonline.hu\/en\/wp-json\/wp\/v2\/types\/page"}],"author":[{"embeddable":true,"href":"https:\/\/meonline.hu\/en\/wp-json\/wp\/v2\/users\/1"}],"replies":[{"embeddable":true,"href":"https:\/\/meonline.hu\/en\/wp-json\/wp\/v2\/comments?post=39134"}],"version-history":[{"count":0,"href":"https:\/\/meonline.hu\/en\/wp-json\/wp\/v2\/pages\/39134\/revisions"}],"wp:featuredmedia":[{"embeddable":true,"href":"https:\/\/meonline.hu\/en\/wp-json\/wp\/v2\/media\/12871"}],"wp:attachment":[{"href":"https:\/\/meonline.hu\/en\/wp-json\/wp\/v2\/media?parent=39134"}],"curies":[{"name":"wp","href":"https:\/\/api.w.org\/{rel}","templated":true}]}}