{"id":39280,"date":"2017-01-10T19:35:08","date_gmt":"2017-01-10T18:35:08","guid":{"rendered":"http:\/\/meonline.hu\/front-page\/"},"modified":"2021-12-30T20:41:07","modified_gmt":"2021-12-30T19:41:07","slug":"front-page","status":"publish","type":"page","link":"https:\/\/meonline.hu\/en\/front-page\/","title":{"rendered":"Front page"},"content":{"rendered":"<p>[vc_row disable_element=&#8221;yes&#8221; css=&#8221;.vc_custom_1586791705828{padding-top: 20px !important;padding-bottom: 40px !important;}&#8221;][vc_column][vc_single_image image=&#8221;30915&#8243; img_size=&#8221;full&#8221; onclick=&#8221;custom_link&#8221; img_link_target=&#8221;_blank&#8221; link=&#8221;http:\/\/mediadij.epiteszforum.hu\/&#8221;][\/vc_column][\/vc_row][vc_row css=&#8221;.vc_custom_1586792465651{padding-top: 0px !important;}&#8221;][vc_column width=&#8221;1\/2&#8243;][vc_single_image image=&#8221;35557&#8243; img_size=&#8221;medium&#8221; alignment=&#8221;center&#8221; onclick=&#8221;custom_link&#8221; css=&#8221;.vc_custom_1635101464152{padding-top: 20px !important;padding-right: 20px !important;padding-bottom: 20px !important;padding-left: 20px !important;background-color: #ffffff !important;}&#8221; link=&#8221;http:\/\/webshop.meonline.hu\/en\/product\/subscription\/&#8221;][\/vc_column][vc_column width=&#8221;1\/2&#8243;][vc_single_image image=&#8221;29578&#8243; img_size=&#8221;medium&#8221; alignment=&#8221;center&#8221; onclick=&#8221;custom_link&#8221; css=&#8221;.vc_custom_1633892327391{padding-top: 20px !important;padding-right: 20px !important;padding-bottom: 20px !important;padding-left: 20px !important;background-color: #ffffff !important;}&#8221; link=&#8221;http:\/\/meonline.hu\/category\/utoirat-20186\/&#8221;][\/vc_column][\/vc_row][vc_row css=&#8221;.vc_custom_1586786181244{padding-top: 30px !important;}&#8221;][vc_column][vc_column_text]<\/p>\n<h1>Ki\u00e1ll\u00edt\u00e1sok<\/h1>\n<p>[\/vc_column_text][\/vc_column][\/vc_row][vc_row][vc_column][box_4 query_per_page=&#8221;9&#8243; query_cat=&#8221;17&#8243; meta_category=&#8221;1&#8243; meta_date=&#8221;1&#8243; meta_views=&#8221;1&#8243; meta_author=&#8221;&#8221; meta_comment=&#8221;1&#8243;][\/vc_column][\/vc_row][vc_row css=&#8221;.vc_custom_1586786181244{padding-top: 30px !important;}&#8221;][vc_column][vc_column_text]<\/p>\n<h1>Foly\u00f3irat<\/h1>\n<p>[\/vc_column_text][\/vc_column][\/vc_row][vc_row][vc_column width=&#8221;1\/6&#8243;][vc_single_image image=&#8221;37194&#8243; img_size=&#8221;full&#8221; onclick=&#8221;custom_link&#8221; link=&#8221;http:\/\/meonline.hu\/category\/archivum\/2021\/20213\/&#8221;][\/vc_column][vc_column width=&#8221;1\/6&#8243;][vc_single_image image=&#8221;36090&#8243; img_size=&#8221;full&#8221; onclick=&#8221;custom_link&#8221; link=&#8221;http:\/\/meonline.hu\/category\/archivum\/2021\/20212\/&#8221;][\/vc_column][vc_column width=&#8221;1\/6&#8243;][vc_single_image image=&#8221;35527&#8243; img_size=&#8221;full&#8221; onclick=&#8221;custom_link&#8221; link=&#8221;http:\/\/meonline.hu\/category\/archivum\/2021\/20211\/&#8221;][\/vc_column][vc_column width=&#8221;1\/6&#8243;][vc_single_image image=&#8221;35073&#8243; img_size=&#8221;full&#8221; onclick=&#8221;custom_link&#8221; link=&#8221;http:\/\/meonline.hu\/category\/archivum\/2020\/20206\/&#8221;][\/vc_column][vc_column width=&#8221;1\/6&#8243;][vc_single_image image=&#8221;34605&#8243; img_size=&#8221;large&#8221; onclick=&#8221;custom_link&#8221; css_animation=&#8221;none&#8221; link=&#8221;http:\/\/meonline.hu\/category\/archivum\/2020\/20205\/&#8221;][\/vc_column][vc_column width=&#8221;1\/6&#8243;][vc_single_image image=&#8221;34059&#8243; img_size=&#8221;full&#8221; onclick=&#8221;custom_link&#8221; link=&#8221;http:\/\/meonline.hu\/category\/archivum\/2020\/20204\/&#8221;][\/vc_column][\/vc_row][vc_row css=&#8221;.vc_custom_1586786181244{padding-top: 30px !important;}&#8221;][vc_column][vc_column_text]<\/p>\n<h1>D\u00edjak<\/h1>\n<p>[\/vc_column_text][\/vc_column][\/vc_row][vc_row][vc_column][box_1 box_columns=&#8221;3&#8243; query_per_page=&#8221;3&#8243; query_cat=&#8221;174&#8243; meta_category=&#8221;1&#8243; meta_date=&#8221;&#8221; meta_views=&#8221;&#8221; meta_author=&#8221;&#8221; meta_comment=&#8221;&#8221; excerpt_rows=&#8221;0&#8243;][\/vc_column][\/vc_row][vc_row css=&#8221;.vc_custom_1586786181244{padding-top: 30px !important;}&#8221;][vc_column][vc_column_text]<\/p>\n<h1>Esem\u00e9nyek<\/h1>\n<p>[\/vc_column_text][\/vc_column][\/vc_row][vc_row][vc_column][box_1 box_columns=&#8221;4&#8243; query_cat=&#8221;18&#8243; meta_category=&#8221;1&#8243; meta_date=&#8221;&#8221; meta_views=&#8221;&#8221; meta_author=&#8221;&#8221; meta_comment=&#8221;&#8221; excerpt_rows=&#8221;0&#8243;][\/vc_column][\/vc_row][vc_row css=&#8221;.vc_custom_1586786181244{padding-top: 30px !important;}&#8221;][vc_column][vc_column_text]<\/p>\n<h1>P\u00e1ly\u00e1zatok<\/h1>\n<p>[\/vc_column_text][\/vc_column][\/vc_row][vc_row][vc_column][box_1 box_columns=&#8221;4&#8243; query_cat=&#8221;16&#8243; meta_category=&#8221;1&#8243; meta_date=&#8221;&#8221; meta_views=&#8221;&#8221; meta_author=&#8221;&#8221; meta_comment=&#8221;&#8221; excerpt_rows=&#8221;0&#8243;][\/vc_column][\/vc_row][vc_row css=&#8221;.vc_custom_1586786181244{padding-top: 30px !important;}&#8221;][vc_column][vc_column_text]<\/p>\n<h1>K\u00f6nyvek<\/h1>\n<p>[\/vc_column_text][\/vc_column][\/vc_row][vc_row][vc_column][box_4 query_per_page=&#8221;3&#8243; query_cat=&#8221;599&#8243; meta_category=&#8221;1&#8243; meta_date=&#8221;1&#8243; meta_views=&#8221;1&#8243; meta_author=&#8221;&#8221; meta_comment=&#8221;1&#8243;][\/vc_column][\/vc_row][vc_row css=&#8221;.vc_custom_1586786181244{padding-top: 30px !important;}&#8221;][vc_column][vc_column_text]<\/p>\n<h1>Foly\u00f3iratunk tartalm\u00e1b\u00f3l<\/h1>\n<p>[\/vc_column_text][\/vc_column][\/vc_row][vc_row][vc_column width=&#8221;1\/2&#8243;][box_2 box_title=&#8221;T\u00e9ma&#8221; query_cat=&#8221;9&#8243; meta_category=&#8221;1&#8243; meta_date=&#8221;1&#8243; meta_views=&#8221;1&#8243; meta_author=&#8221;&#8221; meta_comment=&#8221;1&#8243; excerpt_rows=&#8221;2&#8243;][\/vc_column][vc_column width=&#8221;1\/2&#8243;][box_2 box_title=&#8221;Ut\u00f3irat&#8221; query_cat=&#8221;8&#8243; meta_category=&#8221;1&#8243; meta_date=&#8221;1&#8243; meta_views=&#8221;1&#8243; meta_author=&#8221;&#8221; meta_comment=&#8221;1&#8243; excerpt_rows=&#8221;2&#8243;][\/vc_column][\/vc_row][vc_row css=&#8221;.vc_custom_1586800913663{padding-top: 30px !important;}&#8221;][vc_column width=&#8221;1\/2&#8243;][box_2 box_title=&#8221;Terv&#8221; query_cat=&#8221;543&#8243; meta_category=&#8221;1&#8243; meta_date=&#8221;1&#8243; meta_views=&#8221;1&#8243; meta_author=&#8221;&#8221; meta_comment=&#8221;1&#8243; excerpt_rows=&#8221;2&#8243;][\/vc_column][vc_column width=&#8221;1\/2&#8243;][box_2 box_title=&#8221;Kreat\u00edv v\u00e1rosok&#8221; query_cat=&#8221;816&#8243; meta_category=&#8221;1&#8243; meta_date=&#8221;1&#8243; meta_views=&#8221;1&#8243; meta_author=&#8221;&#8221; meta_comment=&#8221;1&#8243; excerpt_rows=&#8221;2&#8243;][\/vc_column][\/vc_row][vc_row disable_element=&#8221;yes&#8221;][vc_column][slider_1 query_per_page=&#8221;5&#8243; query_cat=&#8221;599&#8243; meta_category=&#8221;1&#8243; meta_date=&#8221;&#8221; meta_views=&#8221;&#8221; meta_author=&#8221;&#8221; meta_comment=&#8221;&#8221; excerpt_rows=&#8221;0&#8243;][\/vc_column][\/vc_row][vc_row disable_element=&#8221;yes&#8221;][vc_column][box_5 query_cat=&#8221;599,8,19&#8243; meta_category=&#8221;1&#8243; meta_date=&#8221;&#8221; meta_views=&#8221;&#8221; meta_author=&#8221;&#8221; meta_comment=&#8221;&#8221; excerpt_rows=&#8221;0&#8243;][\/vc_column][\/vc_row][vc_row][vc_column][vc_column_text]<br \/>\n<a href=\"https:\/\/evowriting.com\/\">essay writer service<\/a>[\/vc_column_text][\/vc_column][\/vc_row]<\/p>\n","protected":false},"excerpt":{"rendered":"<p>[vc_row disable_element=&#8221;yes&#8221; css=&#8221;.vc_custom_1586791705828{padding-top: 20px !important;padding-bottom: 40px !important;}&#8221;][vc_column][vc_single_image image=&#8221;30915&#8243; img_size=&#8221;full&#8221; onclick=&#8221;custom_link&#8221; img_link_target=&#8221;_blank&#8221; link=&#8221;http:\/\/mediadij.epiteszforum.hu\/&#8221;][\/vc_column][\/vc_row][vc_row css=&#8221;.vc_custom_1586792465651{padding-top: 0px !important;}&#8221;][vc_column width=&#8221;1\/2&#8243;][vc_single_image image=&#8221;35557&#8243; img_size=&#8221;medium&#8221; alignment=&#8221;center&#8221; onclick=&#8221;custom_link&#8221; css=&#8221;.vc_custom_1635101464152{padding-top: 20px !important;padding-right: 20px !important;padding-bottom: 20px !important;padding-left: 20px !important;background-color: #ffffff !important;}&#8221; link=&#8221;http:\/\/webshop.meonline.hu\/en\/product\/subscription\/&#8221;][\/vc_column][vc_column width=&#8221;1\/2&#8243;][vc_single_image image=&#8221;29578&#8243; img_size=&#8221;medium&#8221; alignment=&#8221;center&#8221; onclick=&#8221;custom_link&#8221; css=&#8221;.vc_custom_1633892327391{padding-top: 20px !important;padding-right: 20px !important;padding-bottom: 20px !important;padding-left: 20px !important;background-color: #ffffff !important;}&#8221; link=&#8221;http:\/\/meonline.hu\/category\/utoirat-20186\/&#8221;][\/vc_column][\/vc_row][vc_row css=&#8221;.vc_custom_1586786181244{padding-top: 30px !important;}&#8221;][vc_column][vc_column_text] Ki\u00e1ll\u00edt\u00e1sok [\/vc_column_text][\/vc_column][\/vc_row][vc_row][vc_column][box_4 query_per_page=&#8221;9&#8243; [&hellip;]<\/p>\n","protected":false},"author":1,"featured_media":42879,"parent":0,"menu_order":0,"comment_status":"closed","ping_status":"closed","template":"","meta":{"ngg_post_thumbnail":0},"_links":{"self":[{"href":"https:\/\/meonline.hu\/en\/wp-json\/wp\/v2\/pages\/39280"}],"collection":[{"href":"https:\/\/meonline.hu\/en\/wp-json\/wp\/v2\/pages"}],"about":[{"href":"https:\/\/meonline.hu\/en\/wp-json\/wp\/v2\/types\/page"}],"author":[{"embeddable":true,"href":"https:\/\/meonline.hu\/en\/wp-json\/wp\/v2\/users\/1"}],"replies":[{"embeddable":true,"href":"https:\/\/meonline.hu\/en\/wp-json\/wp\/v2\/comments?post=39280"}],"version-history":[{"count":1,"href":"https:\/\/meonline.hu\/en\/wp-json\/wp\/v2\/pages\/39280\/revisions"}],"predecessor-version":[{"id":39438,"href":"https:\/\/meonline.hu\/en\/wp-json\/wp\/v2\/pages\/39280\/revisions\/39438"}],"wp:featuredmedia":[{"embeddable":true,"href":"https:\/\/meonline.hu\/en\/wp-json\/wp\/v2\/media\/42879"}],"wp:attachment":[{"href":"https:\/\/meonline.hu\/en\/wp-json\/wp\/v2\/media?parent=39280"}],"curies":[{"name":"wp","href":"https:\/\/api.w.org\/{rel}","templated":true}]}}