{"id":39367,"date":"2017-03-18T20:34:26","date_gmt":"2017-03-18T19:34:26","guid":{"rendered":"http:\/\/meonline.hu\/post-scriptum-2010\/"},"modified":"2021-12-30T20:41:10","modified_gmt":"2021-12-30T19:41:10","slug":"post-scriptum-2010","status":"publish","type":"page","link":"https:\/\/meonline.hu\/en\/post-scriptum-2010\/","title":{"rendered":"Post Scriptum 2010"},"content":{"rendered":"<p>[vc_row][vc_column][vc_tta_accordion active_section=&#8221;1&#8243; title=&#8221;Ut\u00f3irat 2010&#8243;][vc_tta_section title=&#8221;2010\/1 &#8211; X. \u00e9vf. 54. sz.&#8221; tab_id=&#8221;1489865442427-213a9a87-6a66&#8243;][vc_column_text]<a title=\"K\u00e9pek a modern \u00e9p\u00edt\u00e9szeti mozgalom szolg\u00e1lat\u00e1ban\" href=\"http:\/\/meonline.hu\/utoirat\/2010-utoirat\/20101-x54\/kepek-a-modern-epiteszeti-mozgalom-szolgalataban\/\" rel=\"bookmark\">K\u00e9pek a modern \u00e9p\u00edt\u00e9szeti mozgalom szolg\u00e1lat\u00e1ban<\/a><\/p>\n<p>Csengel-Plank Ibolya<\/p>\n<p><a title=\"K\u00e9pek a modern \u00e9p\u00edt\u00e9szeti mozgalom szolg\u00e1lat\u00e1ban\" href=\"http:\/\/meonline.hu\/utoirat\/2010-utoirat\/20101-x54\/kepek-a-modern-epiteszeti-mozgalom-szolgalataban\/\" rel=\"bookmark\">K\u00e9pek a modern \u00e9p\u00edt\u00e9szeti mozgalom szolg\u00e1lat\u00e1ban<\/a><\/p>\n<p>Csengel-Plank Ibolya<\/p>\n<p><a title=\"K\u00e9pek a modern \u00e9p\u00edt\u00e9szeti mozgalom szolg\u00e1lat\u00e1ban\" href=\"http:\/\/meonline.hu\/utoirat\/2010-utoirat\/20101-x54\/kepek-a-modern-epiteszeti-mozgalom-szolgalataban\/\" rel=\"bookmark\">K\u00e9pek a modern \u00e9p\u00edt\u00e9szeti mozgalom szolg\u00e1lat\u00e1ban<\/a><\/p>\n<p>Csengel-Plank Ibolya[\/vc_column_text][\/vc_tta_section][vc_tta_section title=&#8221;2010\/2 &#8211; X. \u00e9vf. 55. sz.&#8221; tab_id=&#8221;1489865442445-c9b6aaab-e9be&#8221;][vc_column_text]<a title=\"K\u00e9pek a modern \u00e9p\u00edt\u00e9szeti mozgalom szolg\u00e1lat\u00e1ban\" href=\"http:\/\/meonline.hu\/utoirat\/2010-utoirat\/20101-x54\/kepek-a-modern-epiteszeti-mozgalom-szolgalataban\/\" rel=\"bookmark\">K\u00e9pek a modern \u00e9p\u00edt\u00e9szeti mozgalom szolg\u00e1lat\u00e1ban<\/a><\/p>\n<p>Csengel-Plank Ibolya<\/p>\n<p><a title=\"K\u00e9pek a modern \u00e9p\u00edt\u00e9szeti mozgalom szolg\u00e1lat\u00e1ban\" href=\"http:\/\/meonline.hu\/utoirat\/2010-utoirat\/20101-x54\/kepek-a-modern-epiteszeti-mozgalom-szolgalataban\/\" rel=\"bookmark\">K\u00e9pek a modern \u00e9p\u00edt\u00e9szeti mozgalom szolg\u00e1lat\u00e1ban<\/a><\/p>\n<p>Csengel-Plank Ibolya[\/vc_column_text][\/vc_tta_section][\/vc_tta_accordion][\/vc_column][\/vc_row]<\/p>\n","protected":false},"excerpt":{"rendered":"<p>[vc_row][vc_column][vc_tta_accordion active_section=&#8221;1&#8243; title=&#8221;Ut\u00f3irat 2010&#8243;][vc_tta_section title=&#8221;2010\/1 &#8211; X. \u00e9vf. 54. sz.&#8221; tab_id=&#8221;1489865442427-213a9a87-6a66&#8243;][vc_column_text]K\u00e9pek a modern \u00e9p\u00edt\u00e9szeti mozgalom szolg\u00e1lat\u00e1ban Csengel-Plank Ibolya K\u00e9pek a modern \u00e9p\u00edt\u00e9szeti mozgalom szolg\u00e1lat\u00e1ban Csengel-Plank Ibolya K\u00e9pek a modern \u00e9p\u00edt\u00e9szeti mozgalom szolg\u00e1lat\u00e1ban Csengel-Plank Ibolya[\/vc_column_text][\/vc_tta_section][vc_tta_section title=&#8221;2010\/2 &#8211; X. \u00e9vf. 55. sz.&#8221; tab_id=&#8221;1489865442445-c9b6aaab-e9be&#8221;][vc_column_text]K\u00e9pek a modern \u00e9p\u00edt\u00e9szeti mozgalom szolg\u00e1lat\u00e1ban Csengel-Plank Ibolya K\u00e9pek a modern \u00e9p\u00edt\u00e9szeti mozgalom szolg\u00e1lat\u00e1ban Csengel-Plank [&hellip;]<\/p>\n","protected":false},"author":1,"featured_media":0,"parent":0,"menu_order":0,"comment_status":"closed","ping_status":"closed","template":"","meta":{"ngg_post_thumbnail":0},"_links":{"self":[{"href":"https:\/\/meonline.hu\/en\/wp-json\/wp\/v2\/pages\/39367"}],"collection":[{"href":"https:\/\/meonline.hu\/en\/wp-json\/wp\/v2\/pages"}],"about":[{"href":"https:\/\/meonline.hu\/en\/wp-json\/wp\/v2\/types\/page"}],"author":[{"embeddable":true,"href":"https:\/\/meonline.hu\/en\/wp-json\/wp\/v2\/users\/1"}],"replies":[{"embeddable":true,"href":"https:\/\/meonline.hu\/en\/wp-json\/wp\/v2\/comments?post=39367"}],"version-history":[{"count":1,"href":"https:\/\/meonline.hu\/en\/wp-json\/wp\/v2\/pages\/39367\/revisions"}],"predecessor-version":[{"id":39470,"href":"https:\/\/meonline.hu\/en\/wp-json\/wp\/v2\/pages\/39367\/revisions\/39470"}],"wp:attachment":[{"href":"https:\/\/meonline.hu\/en\/wp-json\/wp\/v2\/media?parent=39367"}],"curies":[{"name":"wp","href":"https:\/\/api.w.org\/{rel}","templated":true}]}}