{"id":39583,"date":"2021-10-10T11:25:05","date_gmt":"2021-10-10T09:25:05","guid":{"rendered":"http:\/\/meonline.hu\/publication-ethics-and-malpractice-statement\/"},"modified":"2021-10-10T11:25:05","modified_gmt":"2021-10-10T09:25:05","slug":"publication-ethics-and-malpractice-statement","status":"publish","type":"page","link":"https:\/\/meonline.hu\/en\/publication-ethics-and-malpractice-statement\/","title":{"rendered":"Publication Ethics and Malpractice Statement"},"content":{"rendered":"<h1><span style=\"font-weight: 400;\">Publication Ethics and Malpractice Statement&nbsp;<\/span><\/h1>\n<h2><span style=\"font-weight: 400;\">The Periodical titled<\/span><\/h2>\n<h2><span style=\"font-weight: 400;\">Magyar \u00c9p\u00edt\u0151m\u0171v\u00e9szet \/\/ Hungarian Architecture<\/span><\/h2>\n<h1>&nbsp;<\/h1>\n<p><i><span style=\"font-weight: 400;\">Magyar \u00c9p\u00edt\u0151m\u0171v\u00e9szet \/\/ Hungarian Architecture <\/span><\/i><span style=\"font-weight: 400;\">is the official review of the Association of Hungarian Architects since 1903. Our mission is to present the contemporary Hungarian architectural scene both in national and international scene. We always publish our articles abstracts in English, which are available in our website \u2013 meonline.hu \u2013 as well. Published six times a year.<\/span><\/p>\n<h1>&nbsp;<\/h1>\n<p><span style=\"font-weight: 400;\">Our periodical titled <\/span><i><span style=\"font-weight: 400;\">Magyar \u00c9p\u00edt\u0151m\u0171v\u00e9szet \/\/ Hungarian Architecture <\/span><\/i><span style=\"font-weight: 400;\">is committed to follow ethical guidelines and norms of professional literature and scientific publications, in line with the principles of the Committee on Publication Ethics (COPE, <\/span><a href=\"https:\/\/publicationethics.org\/\"><span style=\"font-weight: 400;\">https:\/\/publicationethics.org\/<\/span><\/a><span style=\"font-weight: 400;\">), an international and independent organisation of professionals. Each participant involved in the publication processes, such as authors, proofreaders, peer reviewers and experts are to embrace the ethics of scientific publications. The decision to publish manuscripts submitted to our periodical is made by the editor-in-chief based on the peer reviewer\u2019s opinion (double blind review).<\/span><\/p>\n<h2><span style=\"font-weight: 400;\">Decisions concerning publication<\/span><\/h2>\n<h1>&nbsp;<\/h1>\n<p><b>General Principles<\/b><\/p>\n<p><span style=\"font-weight: 400;\">The editor-in-chief decides whether a publication meets the objectives and basic requirements defined by the periodical regarding both its contents and format. Any publication falling outside the profile of the periodical, or failing to meet the criteria set, considering either the contents or the format, may be rejected by the editor-in-chief without giving reasons or a peer review.<\/span><\/p>\n<h1>&nbsp;<\/h1>\n<p><b>Equal Opportunities<\/b><\/p>\n<p><span style=\"font-weight: 400;\">The editor-in-chief only assesses the intellectual content of the manuscript, regardless of the author\u2019s race, gender, sexual orientation, ethnicity, nationality and citizenship, religious or political views.<\/span><\/p>\n<h1>&nbsp;<\/h1>\n<p><b>Confidentiality<\/b><\/p>\n<p><span style=\"font-weight: 400;\">The editorial board shall not pass on any information concerning the manuscripts submitted for publication, The only exceptions to this rule are the publishers, proofreaders, consultants, peer reviewers, or potential consultants and editorial assistants.<\/span><\/p>\n<h1>&nbsp;<\/h1>\n<p><b>Publication and conflict of interests<\/b><\/p>\n<p><span style=\"font-weight: 400;\">Editors are not allowed to use any unpublished excerpts of the submitted manuscript for their own research work without obtaining the author\u2019s prior consent. Editors and members of the editorial board may submit their own manuscripts for publishing, which must be assessed in the very same way as all the other manuscripts. When choosing the peer reviewers every possible aspect of conflict of interests must be detected and considered.<\/span><\/p>\n<h1>&nbsp;<\/h1>\n<h2><span style=\"font-weight: 400;\">Ethics concerning editors<\/span><\/h2>\n<p><span style=\"font-weight: 400;\">Editors for the periodical titled <\/span><i><span style=\"font-weight: 400;\">Magyar \u00c9p\u00edt\u0151m\u0171v\u00e9szet<\/span><\/i><span style=\"font-weight: 400;\"> follow the guidelines for editors defined by the Committee on Publication Ethics as well as their collection of the best practices.<\/span><\/p>\n<h1>&nbsp;<\/h1>\n<p><b>Editors as authors<\/b><\/p>\n<p><span style=\"font-weight: 400;\">Editors acting as authors are to work in an exemplary way concerning both ethics and professional standards.<\/span><\/p>\n<h1>&nbsp;<\/h1>\n<p><b>Editorial independency<\/b><\/p>\n<p><span style=\"font-weight: 400;\">Editors make their decisions freely, independently and based on professional considerations only, free from commercial-financial concerns and influences. M\u00c9SZ, the Association of Hungarian Architects acting as a publisher guarantees the autonomy of the editorial board and shall not interfere with professional decisions concerning the periodical in any way.<\/span><\/p>\n<h1>&nbsp;<\/h1>\n<p><b>Confidentiality<\/b><\/p>\n<p><span style=\"font-weight: 400;\">Each manuscript submitted is to be treated as a confidential document, and can be open to discuss only with the prior consent of the editor-in-chief before publication.<\/span><\/p>\n<h1>&nbsp;<\/h1>\n<p><b>Commitment to high standards<\/b><\/p>\n<p><span style=\"font-weight: 400;\">Editors work out processes in line with the goals of the periodical to guarantee the standards of the material published and the integrity of research work. All throughout their work, editors pay attention to the assertion of intellectual and ethical norms that should not be jeopardized by business needs and interests.<\/span><\/p>\n<h1>&nbsp;<\/h1>\n<p><b>Fairness of peer review<\/b><\/p>\n<p><span style=\"font-weight: 400;\">Editors encourage peer reviewers to follow the ethical norms and provide objective, non-biased assessment. Editors make their desicions in line with our ethical norms and with regard to the mission of the periodical.<\/span><\/p>\n<h1>&nbsp;<\/h1>\n<p><b>Error correction code<\/b><\/p>\n<p><span style=\"font-weight: 400;\">Editors are to detect and filter errors before publication with reasonable care and diligence. Typos and misleading statements detected later are published in the next issue on the first pages under the heading \u201ecorrections\u201d.<\/span><\/p>\n<h1>&nbsp;<\/h1>\n<p><b>Authenticity<\/b><\/p>\n<p><span style=\"font-weight: 400;\">Plagiarism is considered unacceptable and an unethical behaviour by the editorial board. We ask each participant in the processes of publication to keep the ethical norms concerning originality and plagiarism.<\/span><\/p>\n<h1>&nbsp;<\/h1>\n<h2><span style=\"font-weight: 400;\">Ethical norms concerning authors<\/span><\/h2>\n<p><span style=\"font-weight: 400;\">We request authors cooperating with the periodical <\/span><i><span style=\"font-weight: 400;\">Magyar \u00c9p\u00edt\u0151m\u0171v\u00e9szet<\/span><\/i><span style=\"font-weight: 400;\"> to follow the guidelines of the Committee on Publication Ethics as well as their collection of best practices.<\/span><\/p>\n<h1>&nbsp;<\/h1>\n<p><b>Authenticity<\/b><\/p>\n<p><span style=\"font-weight: 400;\">It is the responsibility of authors to claim that the study they have submitted is an authentic, original intellectual property product of their own. We regard any kind of behaviour revealing plagiarism unacceptable Only authentic, original manuscripts, results of research work are acceptable. External sources, ideas and concepts originating from other authors must be used as rightly quoted references with the appropriate indices. Works by other authors can only be used by including the necessary references and data.<\/span><\/p>\n<h1>&nbsp;<\/h1>\n<p><b>Prohibition of multiple publication<\/b><\/p>\n<p><span style=\"font-weight: 400;\">Submitting the same manuscript, research results to several periodicals is agains ethic norms,and is thus unacceptable for our periodical. The same holds true for submitting manuscripts, scientific results that have already been published elsewhere.<\/span><\/p>\n<h1>&nbsp;<\/h1>\n<p><b>Open Communication about Subsidy from Sources<\/b><\/p>\n<p><span style=\"font-weight: 400;\">In case the article is sponsored, the sources are to be obviously indicated.<\/span><\/p>\n<h1>&nbsp;<\/h1>\n<p><b>Conflict of Interests<\/b><\/p>\n<p><span style=\"font-weight: 400;\">Any possible aspect of conflict of interests is to be indicated.<\/span><\/p>\n<h1>&nbsp;<\/h1>\n<p><b>Ethical Norms<\/b><\/p>\n<p><span style=\"font-weight: 400;\">In the articles, studies and background research work the general ethical norms are to be kept. When it comes to topics needing the approval of the committe of ethics authors are asked to present the written consent of the committee and\/or of the participants.<\/span><\/p>\n<h1>&nbsp;<\/h1>\n<p><b>Authorship<\/b><\/p>\n<p><span style=\"font-weight: 400;\">Only a person substantially contributing to the concept, design, execution of the study can be named as author here, and everyone acting as contributor is to be regarded and named as author. Co-authors are to be mentioned as such in case they have significantly contributed to the study. Everyone is to be mentioned as a contributor or participant if they have taken part in the research work the study is based on. The author is to guarantee that he or she has named every co-author, and that they have approved of the final version of the article. Authors also guarantee the authenticity of what is written in the study.<\/span><\/p>\n<h1>&nbsp;<\/h1>\n<h2><span style=\"font-weight: 400;\">Ethical Norms Concerning Peer-Reviewers<\/span><\/h2>\n<h1>&nbsp;<\/h1>\n<p><span style=\"font-weight: 400;\">The periodical titled <\/span><i><span style=\"font-weight: 400;\">Magyar \u00c9p\u00edt\u0151m\u0171v\u00e9szet<\/span><\/i><span style=\"font-weight: 400;\"> requests its peer-reviewers to follow the guidelines of the Committee on Publication Ethics concerning peer-reviewers and their collection of best practices.<\/span><\/p>\n<h1>&nbsp;<\/h1>\n<p><b>The Process of Peer-Reviewing<\/b><\/p>\n<p><span style=\"font-weight: 400;\">The editor-in-chief makes decisions about inviting peer-reviewers. The periodical titled <\/span><i><span style=\"font-weight: 400;\">Magyar \u00c9p\u00edt\u0151m\u0171v\u00e9szet<\/span><\/i><span style=\"font-weight: 400;\"> employs the process of collegial peer-reviewing, the primary objective of which is to assist decisions made by the editor-in-chief and to guarantee professional standards. Peer-reviewers act as consultants in the editorial processes, and editors are not obliged to consider previewers\u2019 opinions.<\/span><\/p>\n<h1>&nbsp;<\/h1>\n<p><b>Anonimity (double blind review)<\/b><\/p>\n<p><span style=\"font-weight: 400;\">Peer-reviewers are obliged to remain anonymous, and not allowed to get into contact with the author. In case more than one peer-reviewers assess a manuscript, they are expected to stay anonymous among themselves. Editors convey communication and messages among previewers and authors.<\/span><\/p>\n<h1>&nbsp;<\/h1>\n<p><b>Privacy and Confidentiality<\/b><\/p>\n<p><span style=\"font-weight: 400;\">Peer-reviewers are expected to treat manuscripts confidentially. They should not share any information with others, the only exception being the editor authorized to communicate with the peer-reviewers.<\/span><\/p>\n<h1>&nbsp;<\/h1>\n<p><b>Competency, Conflict of Interests, Equal Opportunities<\/b><\/p>\n<p><span style=\"font-weight: 400;\">The peer-reviewer is expected to be professionally competent to provide appropriate opinion about the manuscript and suited to give unbiased assessment. Peer-reviewers should form opinions objectively, regardless of the author\u2019s race, gender, sexual orientation, ethnicity, citizenship, religious beliefs or political views.<\/span><\/p>\n<h1>&nbsp;<\/h1>\n<p><b>Professional responsibility, objectivity<\/b><\/p>\n<p><span style=\"font-weight: 400;\">Peer-reviewers are required to phrase a well-established and constructive opinion to help the author revise the manuscript. The peer-reviewer is to submit an objective, unambiguously phrased opinion supported by reasons.<\/span><\/p>\n<h1>&nbsp;<\/h1>\n<p><b>Adequate Feed-Back<\/b><\/p>\n<p><span style=\"font-weight: 400;\">The assessment of the peer reviewer is expected to be professional, free from personal biasses, should refrain from personal remarks, any form of defamation, humiliation or derogation, and should not contain unjustified or baseless accusations.<\/span><\/p>\n<h1>&nbsp;<\/h1>\n<p><b>Rivalry, Revealing Advocacy<\/b><\/p>\n<p><span style=\"font-weight: 400;\">Peer reviewers are to reveal all kinds of rivalling and competitive interests or conflicts (of personal, professional, intellectual, financial, political, religious nature) for the editors and the editor-in-chief. People who work in the same institution (including the past three years), mentors, mentees, close workmates, participants of the same project are excluded from acting as peer-reviewers.<\/span><\/p>\n<h1><span style=\"font-weight: 400;\">Guidelines for Authors<\/span><\/h1>\n<h1>&nbsp;<\/h1>\n<p><b>Objectives and topics<\/b><\/p>\n<p><span style=\"font-weight: 400;\">The periodical titled <\/span><i><span style=\"font-weight: 400;\">Magyar \u00c9p\u00edt\u0151m\u0171v\u00e9szet<\/span><\/i><span style=\"font-weight: 400;\"> accepts reviews of buildings with literary and scientific standards, essays, original studies presenting scientific achievements of architecture, manuscripts, reviews of books on architecture or its associated fields, and reviews of exhibitions. The supplement titled <\/span><i><span style=\"font-weight: 400;\">Ut\u00f3irat<\/span><\/i><span style=\"font-weight: 400;\"> accepts authentic and original studies on architectural theory, the history of architecture, protection of historic buildings and monuments, architectural heritage, rehabilitation, reconstruction, revitalization, interior architecture, design, urbanism, sacred architecture, landscape design, environmental psychology, public domain development, construction science, engineered structures, eco-conscious and sustainable architecture, architectural innovation, associated arts and sciences, innovative technological novelties, manuscripts on topics of philosophy, space theory, aesthetics, ecology, professional policy. Based on the peer review (double blind review), the editor-in-chief makes the final decision about the publication of the manuscripts submitted,<\/span><\/p>\n<h1>&nbsp;<\/h1>\n<p><b>Submitting Manuscripts<\/b><\/p>\n<p><span style=\"font-weight: 400;\">Manuscripts are kindly requested to be submitted via this email: epitomuveszet@gmail.com.<\/span><\/p>\n<p><span style=\"font-weight: 400;\">The manuscript lengths are to be discussed with the editors. The typical length of a study published in the supplement titled <\/span><i><span style=\"font-weight: 400;\">Ut\u00f3irat<\/span><\/i><span style=\"font-weight: 400;\"> (<\/span><i><span style=\"font-weight: 400;\">Post Scriptum<\/span><\/i><span style=\"font-weight: 400;\">) tends to vary between 10,000 and 30,000 characters.<\/span><\/p>\n<p><span style=\"font-weight: 400;\">Studies are to be submitted by attaching an abstract in both Hungarian and Engish languages with a maximum length of 800-1,500 charcters.<\/span><\/p>\n<h1>&nbsp;<\/h1>\n<p><b>References<\/b><\/p>\n<p><span style=\"font-weight: 400;\">Sources and works by other authors are to be referred to in footnotes. When firstly occurring, please use the entire form of the reference, then in an abbreviated form if it is a source by the same author, including the name and date (year).<\/span><\/p>\n<h1>&nbsp;<\/h1>\n<p><span style=\"font-weight: 400;\">Examples:<\/span><\/p>\n<p><b>Books<\/b><\/p>\n<p><span style=\"font-weight: 400;\">Szeg\u0151 Gy\u00f6rgy: Teremt\u00e9s \u00e9s \u00e1tv\u00e1ltoz\u00e1s. HG &amp; T\u00e1rsa Kiad\u00f3, Budapest, 1996. 115.<\/span><\/p>\n<p><span style=\"font-weight: 400;\">Crook, J. Mordaunt: William Burges and the High Victorian Dream. The University of<\/span><\/p>\n<p><span style=\"font-weight: 400;\">Chicago Press, 1981. 316.<\/span><\/p>\n<h1>&nbsp;<\/h1>\n<p><b>Periodical<\/b><\/p>\n<p><span style=\"font-weight: 400;\">Crompton, Andrew: The architecture of multifaith spaces: God leaves the building.<\/span><\/p>\n<p><span style=\"font-weight: 400;\">The Journal of Architecture, Vol. 18, No. 4, 2013, 474\u2013496, 493.<\/span><\/p>\n<p><span style=\"font-weight: 400;\">Szepesi Gy\u00f6rgy: A gar\u00e1zsokkal szerencs\u00e9m volt, N\u00e9pszabads\u00e1g, 1975\/33. 79.<\/span><\/p>\n<p><span style=\"font-weight: 400;\">Sonnenberg Emil Munk\u00e1csy-utczai b\u00e9rpalot\u00e1ja. Magyar \u00c9p\u00edt\u0151m\u0171v\u00e9szet \u2013 Magyar P\u00e1ly\u00e1zatok 1906\/4. 1. 25-29.<\/span><\/p>\n<h1>&nbsp;<\/h1>\n<p><b>A Collection of Studies, Anthology:<\/b><\/p>\n<p><span style=\"font-weight: 400;\">Eco, Umberto: Function and Sign: The Semiotics of Architecture In: Leach, Neil (ed.):<\/span><\/p>\n<p><span style=\"font-weight: 400;\">Rethinking Architecture, A reader in cultural theory. Routledge, 1997, 173\u2013190, 179.<\/span><\/p>\n<h1>&nbsp;<\/h1>\n<p><b>Online Publication:<\/b><\/p>\n<p><span style=\"font-weight: 400;\">Lampel Mikl\u00f3s: A sv\u00e9d \u00e9p\u00edt\u00e9szet vonzereje. <\/span><i><span style=\"font-weight: 400;\">\u00c9p\u00edt\u00e9szf\u00f3rum<\/span><\/i><span style=\"font-weight: 400;\">, 2003. janu\u00e1r 10. &lt;http:\/\/epiteszforum.hu\/lampel-miklos-a-sved-epiteszet-vonzereje&gt;&nbsp; [megtekintve: 2017. janu\u00e1r 26.]<\/span><\/p>\n<h1><span style=\"font-weight: 400;\">Archiving Methods<\/span><\/h1>\n<p><span style=\"font-weight: 400;\">The periodical Magyar \u00c9p\u00edt\u0151m\u0171v\u00e9szet takes responsibility for the cultural values it has created so far. Accordingly, we send 6 copies of each issue of the printed version of our publication to the National Sz\u00e9ch\u00e9nyi Library for archiving. As for internet-based digital archives, we are contracted with Arcanum Digit\u00e1lis Tudom\u00e1nyt\u00e1rral (ADT, Arcanum Digitized Science Archives) where we send our new issues within 18 months of publication. In ADT the digitised issues are available dating back as early as 1903.<\/span><\/p>\n<p><span style=\"font-weight: 400;\">1903-2020 <\/span><a href=\"https:\/\/adt.arcanum.com\/hu\/collection\/MagyarPalyazatokEpitomuveszet\/\"><span style=\"font-weight: 400;\">https:\/\/adt.arcanum.com\/hu\/collection\/MagyarPalyazatokEpitomuveszet\/<\/span><\/a><\/p>\n<p><span style=\"font-weight: 400;\">As a digital catalogue, MATARKA system keeps reviewing our issues continuously, and provides a digitized catalogue-entry data base for research and browsing.<\/span><\/p>\n<p><span style=\"font-weight: 400;\">1952-1996: <\/span><a href=\"https:\/\/matarka.hu\/szam_list.php?fsz=2072\"><span style=\"font-weight: 400;\">https:\/\/matarka.hu\/szam_list.php?fsz=2072<\/span><\/a><\/p>\n<p><span style=\"font-weight: 400;\">1998-2002 <\/span><a href=\"https:\/\/matarka.hu\/szam_list.php?fsz=2035\"><span style=\"font-weight: 400;\">https:\/\/matarka.hu\/szam_list.php?fsz=2035<\/span><\/a><\/p>\n<p><span style=\"font-weight: 400;\">2003-2021 <\/span><a href=\"https:\/\/matarka.hu\/szam_list.php?fsz=637\"><span style=\"font-weight: 400;\">https:\/\/matarka.hu\/szam_list.php?fsz=637<\/span><\/a><\/p>\n<h1>&nbsp;<\/h1>\n<h1><span style=\"font-weight: 400;\">Privacy and Data Protection<\/span><\/h1>\n<p><span style=\"font-weight: 400;\">Personal data submitted during the publication process shall not be passed on to a third party for other purposes.<\/span><\/p>\n<h1>&nbsp;<\/h1>\n<h1><span style=\"font-weight: 400;\">Legal Data<\/span><\/h1>\n<p><span style=\"font-weight: 400;\">Founder (1903) and publisher of the periodical: Magyar \u00c9p\u00edt\u0151m\u0171v\u00e9szek Sz\u00f6vets\u00e9ge (Association of Hungarian Architects) H-1088 Budapest \u00d6tpacsirta u 2.<\/span><\/p>\n","protected":false},"excerpt":{"rendered":"<p>Publication Ethics and Malpractice Statement&nbsp; The Periodical titled Magyar \u00c9p\u00edt\u0151m\u0171v\u00e9szet \/\/ Hungarian Architecture &nbsp; Magyar \u00c9p\u00edt\u0151m\u0171v\u00e9szet \/\/ Hungarian Architecture is the official review of the Association of Hungarian Architects since 1903. Our mission is to present the contemporary Hungarian architectural scene both in national and international scene. We always publish our articles abstracts in English, [&hellip;]<\/p>\n","protected":false},"author":1,"featured_media":0,"parent":0,"menu_order":0,"comment_status":"closed","ping_status":"closed","template":"","meta":{"ngg_post_thumbnail":0},"_links":{"self":[{"href":"https:\/\/meonline.hu\/en\/wp-json\/wp\/v2\/pages\/39583"}],"collection":[{"href":"https:\/\/meonline.hu\/en\/wp-json\/wp\/v2\/pages"}],"about":[{"href":"https:\/\/meonline.hu\/en\/wp-json\/wp\/v2\/types\/page"}],"author":[{"embeddable":true,"href":"https:\/\/meonline.hu\/en\/wp-json\/wp\/v2\/users\/1"}],"replies":[{"embeddable":true,"href":"https:\/\/meonline.hu\/en\/wp-json\/wp\/v2\/comments?post=39583"}],"version-history":[{"count":0,"href":"https:\/\/meonline.hu\/en\/wp-json\/wp\/v2\/pages\/39583\/revisions"}],"wp:attachment":[{"href":"https:\/\/meonline.hu\/en\/wp-json\/wp\/v2\/media?parent=39583"}],"curies":[{"name":"wp","href":"https:\/\/api.w.org\/{rel}","templated":true}]}}