{"id":39585,"date":"2021-10-10T11:30:43","date_gmt":"2021-10-10T09:30:43","guid":{"rendered":"http:\/\/meonline.hu\/guidelines-for-authors\/"},"modified":"2021-10-10T11:30:43","modified_gmt":"2021-10-10T09:30:43","slug":"guidelines-for-authors","status":"publish","type":"page","link":"https:\/\/meonline.hu\/en\/guidelines-for-authors\/","title":{"rendered":"Guidelines for Authors"},"content":{"rendered":"<h1><span style=\"font-weight: 400;\">Guidelines for Authors<\/span><\/h1>\n<p>&nbsp;<\/p>\n<p><b>Objectives and topics<\/b><\/p>\n<p><span style=\"font-weight: 400;\">The periodical titled <\/span><i><span style=\"font-weight: 400;\">Magyar \u00c9p\u00edt\u0151m\u0171v\u00e9szet<\/span><\/i><span style=\"font-weight: 400;\"> accepts reviews of buildings with literary and scientific standards, essays, original studies presenting scientific achievements of architecture, manuscripts, reviews of books on architecture or its associated fields, and reviews of exhibitions. The supplement titled <\/span><i><span style=\"font-weight: 400;\">Ut\u00f3irat<\/span><\/i><span style=\"font-weight: 400;\"> accepts authentic and original studies on architectural theory, the history of architecture, protection of historic buildings and monuments, architectural heritage, rehabilitation, reconstruction, revitalization, interior architecture, design, urbanism, sacred architecture, landscape design, environmental psychology, public domain development, construction science, engineered structures, eco-conscious and sustainable architecture, architectural innovation, associated arts and sciences, innovative technological novelties, manuscripts on topics of philosophy, space theory, aesthetics, ecology, professional policy. Based on the peer review (double blind review), the editor-in-chief makes the final decision about the publication of the manuscripts submitted,<\/span><\/p>\n<p>&nbsp;<\/p>\n<p><b>Submitting Manuscripts<\/b><\/p>\n<p><span style=\"font-weight: 400;\">Manuscripts are kindly requested to be submitted via this email: epitomuveszet@gmail.com.<\/span><\/p>\n<p><span style=\"font-weight: 400;\">The manuscript lengths are to be discussed with the editors. The typical length of a study published in the supplement titled <\/span><i><span style=\"font-weight: 400;\">Ut\u00f3irat<\/span><\/i><span style=\"font-weight: 400;\"> (<\/span><i><span style=\"font-weight: 400;\">Post Scriptum<\/span><\/i><span style=\"font-weight: 400;\">) tends to vary between 10,000 and 30,000 characters.<\/span><\/p>\n<p><span style=\"font-weight: 400;\">Studies are to be submitted by attaching an abstract in both Hungarian and Engish languages with a maximum length of 800-1,500 charcters.<\/span><\/p>\n<p>&nbsp;<\/p>\n<p><b>References<\/b><\/p>\n<p><span style=\"font-weight: 400;\">Sources and works by other authors are to be referred to in footnotes. When firstly occurring, please use the entire form of the reference, then in an abbreviated form if it is a source by the same author, including the name and date (year).<\/span><\/p>\n<p>&nbsp;<\/p>\n<p><span style=\"font-weight: 400;\">Examples:<\/span><\/p>\n<p><b>Books<\/b><\/p>\n<p><span style=\"font-weight: 400;\">Szeg\u0151 Gy\u00f6rgy: Teremt\u00e9s \u00e9s \u00e1tv\u00e1ltoz\u00e1s. HG &amp; T\u00e1rsa Kiad\u00f3, Budapest, 1996. 115.<\/span><\/p>\n<p><span style=\"font-weight: 400;\">Crook, J. Mordaunt: William Burges and the High Victorian Dream. The University of<\/span><\/p>\n<p><span style=\"font-weight: 400;\">Chicago Press, 1981. 316.<\/span><\/p>\n<p>&nbsp;<\/p>\n<p><b>Periodical<\/b><\/p>\n<p><span style=\"font-weight: 400;\">Crompton, Andrew: The architecture of multifaith spaces: God leaves the building.<\/span><\/p>\n<p><span style=\"font-weight: 400;\">The Journal of Architecture, Vol. 18, No. 4, 2013, 474\u2013496, 493.<\/span><\/p>\n<p><span style=\"font-weight: 400;\">Szepesi Gy\u00f6rgy: A gar\u00e1zsokkal szerencs\u00e9m volt, N\u00e9pszabads\u00e1g, 1975\/33. 79.<\/span><\/p>\n<p><span style=\"font-weight: 400;\">Sonnenberg Emil Munk\u00e1csy-utczai b\u00e9rpalot\u00e1ja. Magyar \u00c9p\u00edt\u0151m\u0171v\u00e9szet \u2013 Magyar P\u00e1ly\u00e1zatok 1906\/4. 1. 25-29.<\/span><\/p>\n<p>&nbsp;<\/p>\n<p><b>A Collection of Studies, Anthology:<\/b><\/p>\n<p><span style=\"font-weight: 400;\">Eco, Umberto: Function and Sign: The Semiotics of Architecture In: Leach, Neil (ed.):<\/span><\/p>\n<p><span style=\"font-weight: 400;\">Rethinking Architecture, A reader in cultural theory. Routledge, 1997, 173\u2013190, 179.<\/span><\/p>\n<p>&nbsp;<\/p>\n<p><b>Online Publication:<\/b><\/p>\n<p><span style=\"font-weight: 400;\">Lampel Mikl\u00f3s: A sv\u00e9d \u00e9p\u00edt\u00e9szet vonzereje. <\/span><i><span style=\"font-weight: 400;\">\u00c9p\u00edt\u00e9szf\u00f3rum<\/span><\/i><span style=\"font-weight: 400;\">, 2003. janu\u00e1r 10. &lt;http:\/\/epiteszforum.hu\/lampel-miklos-a-sved-epiteszet-vonzereje&gt;&nbsp; [megtekintve: 2017. janu\u00e1r 26.]<\/span><\/p>\n<h1>&nbsp;<\/h1>\n<h1><span style=\"font-weight: 400;\">Privacy and Data Protection<\/span><\/h1>\n<p><span style=\"font-weight: 400;\">Personal data submitted during the publication process shall not be passed on to a third party for other purposes.<\/span><\/p>\n<p>&nbsp;<\/p>\n<h1><span style=\"font-weight: 400;\">Legal Data<\/span><\/h1>\n<p><span style=\"font-weight: 400;\">Founder (1903) and publisher of the periodical: Magyar \u00c9p\u00edt\u0151m\u0171v\u00e9szek Sz\u00f6vets\u00e9ge (Association of Hungarian Architects) H-1088 Budapest \u00d6tpacsirta u 2.<\/span><\/p>\n","protected":false},"excerpt":{"rendered":"<p>Guidelines for Authors &nbsp; Objectives and topics The periodical titled Magyar \u00c9p\u00edt\u0151m\u0171v\u00e9szet accepts reviews of buildings with literary and scientific standards, essays, original studies presenting scientific achievements of architecture, manuscripts, reviews of books on architecture or its associated fields, and reviews of exhibitions. The supplement titled Ut\u00f3irat accepts authentic and original studies on architectural theory, [&hellip;]<\/p>\n","protected":false},"author":1,"featured_media":0,"parent":0,"menu_order":0,"comment_status":"closed","ping_status":"closed","template":"","meta":{"ngg_post_thumbnail":0},"_links":{"self":[{"href":"https:\/\/meonline.hu\/en\/wp-json\/wp\/v2\/pages\/39585"}],"collection":[{"href":"https:\/\/meonline.hu\/en\/wp-json\/wp\/v2\/pages"}],"about":[{"href":"https:\/\/meonline.hu\/en\/wp-json\/wp\/v2\/types\/page"}],"author":[{"embeddable":true,"href":"https:\/\/meonline.hu\/en\/wp-json\/wp\/v2\/users\/1"}],"replies":[{"embeddable":true,"href":"https:\/\/meonline.hu\/en\/wp-json\/wp\/v2\/comments?post=39585"}],"version-history":[{"count":0,"href":"https:\/\/meonline.hu\/en\/wp-json\/wp\/v2\/pages\/39585\/revisions"}],"wp:attachment":[{"href":"https:\/\/meonline.hu\/en\/wp-json\/wp\/v2\/media?parent=39585"}],"curies":[{"name":"wp","href":"https:\/\/api.w.org\/{rel}","templated":true}]}}