{"id":39603,"date":"2021-10-10T12:11:29","date_gmt":"2021-10-10T10:11:29","guid":{"rendered":"http:\/\/meonline.hu\/about-us\/"},"modified":"2021-10-10T12:11:29","modified_gmt":"2021-10-10T10:11:29","slug":"about-us","status":"publish","type":"page","link":"https:\/\/meonline.hu\/en\/about-us\/","title":{"rendered":"About us"},"content":{"rendered":"<h2><span style=\"font-weight: 400;\">Magyar \u00c9p\u00edt\u0151m\u0171v\u00e9szet \/\/ Hungarian Architecture<\/span><\/h2>\n<p><i><span style=\"font-weight: 400;\">Magyar \u00c9p\u00edt\u0151m\u0171v\u00e9szet \/\/ Hungarian Architecture<\/span><\/i><span style=\"font-weight: 400;\"> is the official review of the Association of Hungarian Architects since 1903. Our mission is to present the contemporary Hungarian architectural scene both in national and international scene. We always publish our articles abstracts in English, which are available in our website \u2013 meonline.hu \u2013 as well. Published six times a year.<\/span><\/p>\n<p><span style=\"font-weight: 400;\">Our periodical titled <\/span><i><span style=\"font-weight: 400;\">Magyar \u00c9p\u00edt\u0151m\u0171v\u00e9szet \/\/ Hungarian Architecture <\/span><\/i><span style=\"font-weight: 400;\">is committed to follow ethical guidelines and norms of professional literature and scientific publications, in line with the principles of the Committee on Publication Ethics (COPE, <\/span><a href=\"https:\/\/publicationethics.org\/\"><span style=\"font-weight: 400;\">https:\/\/publicationethics.org\/<\/span><\/a><span style=\"font-weight: 400;\">), an international and independent organisation of professionals. Each participant involved in the publication processes, such as authors, proofreaders, peer reviewers and experts are to embrace the ethics of scientific publications. The decision to publish manuscripts submitted to our periodical is made by the editor-in-chief based on the peer reviewer\u2019s opinion (double blind review).<\/span><\/p>\n<p><b>Objectives and topics<\/b><\/p>\n<p><span style=\"font-weight: 400;\">The periodical titled <i>Magyar \u00c9p\u00edt\u0151m\u0171v\u00e9szet \/\/ Hungarian Architecture<\/i><\/span><span style=\"font-weight: 400;\">&nbsp;accepts reviews of buildings with literary and scientific standards, essays, original studies presenting scientific achievements of architecture, manuscripts, reviews of books on architecture or its associated fields, and reviews of exhibitions. The supplement titled <\/span><i><span style=\"font-weight: 400;\">Ut\u00f3irat<\/span><\/i><span style=\"font-weight: 400;\"> accepts authentic and original studies on architectural theory, the history of architecture, protection of historic buildings and monuments, architectural heritage, rehabilitation, reconstruction, revitalization, interior architecture, design, urbanism, sacred architecture, landscape design, environmental psychology, public domain development, construction science, engineered structures, eco-conscious and sustainable architecture, architectural innovation, associated arts and sciences, innovative technological novelties, manuscripts on topics of philosophy, space theory, aesthetics, ecology, professional policy.&nbsp;<\/span><\/p>\n","protected":false},"excerpt":{"rendered":"<p>Magyar \u00c9p\u00edt\u0151m\u0171v\u00e9szet \/\/ Hungarian Architecture Magyar \u00c9p\u00edt\u0151m\u0171v\u00e9szet \/\/ Hungarian Architecture is the official review of the Association of Hungarian Architects since 1903. Our mission is to present the contemporary Hungarian architectural scene both in national and international scene. We always publish our articles abstracts in English, which are available in our website \u2013 meonline.hu \u2013 [&hellip;]<\/p>\n","protected":false},"author":1,"featured_media":0,"parent":0,"menu_order":0,"comment_status":"closed","ping_status":"closed","template":"","meta":{"ngg_post_thumbnail":0},"_links":{"self":[{"href":"https:\/\/meonline.hu\/en\/wp-json\/wp\/v2\/pages\/39603"}],"collection":[{"href":"https:\/\/meonline.hu\/en\/wp-json\/wp\/v2\/pages"}],"about":[{"href":"https:\/\/meonline.hu\/en\/wp-json\/wp\/v2\/types\/page"}],"author":[{"embeddable":true,"href":"https:\/\/meonline.hu\/en\/wp-json\/wp\/v2\/users\/1"}],"replies":[{"embeddable":true,"href":"https:\/\/meonline.hu\/en\/wp-json\/wp\/v2\/comments?post=39603"}],"version-history":[{"count":0,"href":"https:\/\/meonline.hu\/en\/wp-json\/wp\/v2\/pages\/39603\/revisions"}],"wp:attachment":[{"href":"https:\/\/meonline.hu\/en\/wp-json\/wp\/v2\/media?parent=39603"}],"curies":[{"name":"wp","href":"https:\/\/api.w.org\/{rel}","templated":true}]}}