{"id":39605,"date":"2021-10-10T22:52:43","date_gmt":"2021-10-10T20:52:43","guid":{"rendered":"http:\/\/meonline.hu\/archiving\/"},"modified":"2021-10-10T22:52:43","modified_gmt":"2021-10-10T20:52:43","slug":"archiving","status":"publish","type":"page","link":"https:\/\/meonline.hu\/en\/archiving\/","title":{"rendered":"Archiving"},"content":{"rendered":"<h1><span style=\"font-weight: 400;\">Archiving Methods<\/span><\/h1>\n<p><span style=\"font-weight: 400;\">The periodical Magyar \u00c9p\u00edt\u0151m\u0171v\u00e9szet takes responsibility for the cultural values it has created so far. Accordingly, we send 6 copies of each issue of the printed version of our publication to the National Sz\u00e9ch\u00e9nyi Library for archiving. As for internet-based digital archives, we are contracted with Arcanum Digit\u00e1lis Tudom\u00e1nyt\u00e1rral (ADT, Arcanum Digitized Science Archives) where we send our new issues within 18 months of publication. In ADT the digitised issues are available dating back as early as 1903.<\/span><\/p>\n<p><span style=\"font-weight: 400;\">1903-2020 <\/span><a href=\"https:\/\/adt.arcanum.com\/hu\/collection\/MagyarPalyazatokEpitomuveszet\/\"><span style=\"font-weight: 400;\">https:\/\/adt.arcanum.com\/hu\/collection\/MagyarPalyazatokEpitomuveszet\/<\/span><\/a><\/p>\n<p><span style=\"font-weight: 400;\">As a digital catalogue, MATARKA system keeps reviewing our issues continuously, and provides a digitized catalogue-entry data base for research and browsing.<\/span><\/p>\n<p><span style=\"font-weight: 400;\">1952-1996: <\/span><a href=\"https:\/\/matarka.hu\/szam_list.php?fsz=2072\"><span style=\"font-weight: 400;\">https:\/\/matarka.hu\/szam_list.php?fsz=2072<\/span><\/a><\/p>\n<p><span style=\"font-weight: 400;\">1998-2002 <\/span><a href=\"https:\/\/matarka.hu\/szam_list.php?fsz=2035\"><span style=\"font-weight: 400;\">https:\/\/matarka.hu\/szam_list.php?fsz=2035<\/span><\/a><\/p>\n<p><span style=\"font-weight: 400;\">2003-2021 <\/span><a href=\"https:\/\/matarka.hu\/szam_list.php?fsz=637\"><span style=\"font-weight: 400;\">https:\/\/matarka.hu\/szam_list.php?fsz=637<\/span><\/a><\/p>\n<h1><span style=\"font-weight: 400;\">Privacy and Data Protection<\/span><\/h1>\n<p><span style=\"font-weight: 400;\">Personal data submitted during the publication process shall not be passed on to a third party for other purposes.<\/span><\/p>\n<p>&nbsp;<\/p>\n<h1><span style=\"font-weight: 400;\">Legal Data<\/span><\/h1>\n<p><span style=\"font-weight: 400;\">Founder (1903) and publisher of the periodical: Magyar \u00c9p\u00edt\u0151m\u0171v\u00e9szek Sz\u00f6vets\u00e9ge (Association of Hungarian Architects) H-1088 Budapest \u00d6tpacsirta u 2.<\/span><\/p>\n","protected":false},"excerpt":{"rendered":"<p>Archiving Methods The periodical Magyar \u00c9p\u00edt\u0151m\u0171v\u00e9szet takes responsibility for the cultural values it has created so far. Accordingly, we send 6 copies of each issue of the printed version of our publication to the National Sz\u00e9ch\u00e9nyi Library for archiving. As for internet-based digital archives, we are contracted with Arcanum Digit\u00e1lis Tudom\u00e1nyt\u00e1rral (ADT, Arcanum Digitized Science [&hellip;]<\/p>\n","protected":false},"author":1,"featured_media":0,"parent":0,"menu_order":0,"comment_status":"closed","ping_status":"closed","template":"","meta":{"ngg_post_thumbnail":0},"_links":{"self":[{"href":"https:\/\/meonline.hu\/en\/wp-json\/wp\/v2\/pages\/39605"}],"collection":[{"href":"https:\/\/meonline.hu\/en\/wp-json\/wp\/v2\/pages"}],"about":[{"href":"https:\/\/meonline.hu\/en\/wp-json\/wp\/v2\/types\/page"}],"author":[{"embeddable":true,"href":"https:\/\/meonline.hu\/en\/wp-json\/wp\/v2\/users\/1"}],"replies":[{"embeddable":true,"href":"https:\/\/meonline.hu\/en\/wp-json\/wp\/v2\/comments?post=39605"}],"version-history":[{"count":0,"href":"https:\/\/meonline.hu\/en\/wp-json\/wp\/v2\/pages\/39605\/revisions"}],"wp:attachment":[{"href":"https:\/\/meonline.hu\/en\/wp-json\/wp\/v2\/media?parent=39605"}],"curies":[{"name":"wp","href":"https:\/\/api.w.org\/{rel}","templated":true}]}}