{"id":989,"date":"2010-03-03T15:53:20","date_gmt":"2010-03-03T14:53:20","guid":{"rendered":"http:\/\/meonlinehu.web-server.hu\/?page_id=989"},"modified":"2021-12-30T20:40:45","modified_gmt":"2021-12-30T19:40:45","slug":"fototar","status":"publish","type":"page","link":"https:\/\/meonline.hu\/en\/fototar\/","title":{"rendered":"Fot\u00f3t\u00e1r"},"content":{"rendered":"<p><a href=\"http:\/\/meonline.hu\/2007honlap\/fototar\/\"><\/a>Kattintson a k\u00e9pre a fot\u00f3t\u00e1r megl\u00e1togat\u00e1s\u00e1hoz!<\/p>\n<p style=\"text-align: center;\"><a href=\"http:\/\/meonline.hu\/2007honlap\/fototar\/\"><img loading=\"lazy\" class=\"aligncenter size-full wp-image-993\" title=\"Fot\u00f3t\u00e1r\" src=\"http:\/\/meonlinehu.web-server.hu\/wp-content\/uploads\/2010\/03\/Clipboard01.jpg\" alt=\"\" width=\"600\" height=\"453\" srcset=\"https:\/\/meonline.hu\/wp-content\/uploads\/2010\/03\/Clipboard01.jpg 600w, https:\/\/meonline.hu\/wp-content\/uploads\/2010\/03\/Clipboard01-198x150.jpg 198w, https:\/\/meonline.hu\/wp-content\/uploads\/2010\/03\/Clipboard01-300x226.jpg 300w\" sizes=\"(max-width: 600px) 100vw, 600px\" \/><\/a><\/p>\n","protected":false},"excerpt":{"rendered":"<p>Kattintson a k\u00e9pre a fot\u00f3t\u00e1r megl\u00e1togat\u00e1s\u00e1hoz!<\/p>\n","protected":false},"author":1,"featured_media":993,"parent":0,"menu_order":4,"comment_status":"closed","ping_status":"closed","template":"","meta":{"ngg_post_thumbnail":0},"_links":{"self":[{"href":"https:\/\/meonline.hu\/en\/wp-json\/wp\/v2\/pages\/989"}],"collection":[{"href":"https:\/\/meonline.hu\/en\/wp-json\/wp\/v2\/pages"}],"about":[{"href":"https:\/\/meonline.hu\/en\/wp-json\/wp\/v2\/types\/page"}],"author":[{"embeddable":true,"href":"https:\/\/meonline.hu\/en\/wp-json\/wp\/v2\/users\/1"}],"replies":[{"embeddable":true,"href":"https:\/\/meonline.hu\/en\/wp-json\/wp\/v2\/comments?post=989"}],"version-history":[{"count":19,"href":"https:\/\/meonline.hu\/en\/wp-json\/wp\/v2\/pages\/989\/revisions"}],"predecessor-version":[{"id":39150,"href":"https:\/\/meonline.hu\/en\/wp-json\/wp\/v2\/pages\/989\/revisions\/39150"}],"wp:featuredmedia":[{"embeddable":true,"href":"https:\/\/meonline.hu\/en\/wp-json\/wp\/v2\/media\/993"}],"wp:attachment":[{"href":"https:\/\/meonline.hu\/en\/wp-json\/wp\/v2\/media?parent=989"}],"curies":[{"name":"wp","href":"https:\/\/api.w.org\/{rel}","templated":true}]}}